{"id":11,"date":"2017-10-25T15:07:24","date_gmt":"2017-10-25T15:07:24","guid":{"rendered":"http:\/\/epic.domingue.ca\/?page_id=11"},"modified":"2019-04-26T17:50:30","modified_gmt":"2019-04-26T17:50:30","slug":"publicite-numerique","status":"publish","type":"page","link":"https:\/\/dev.ursa.marketing\/fr\/tactique\/publicite-numerique\/","title":{"rendered":"Publicit\u00e9 num\u00e9rique"},"content":{"rendered":"<h2>Google Ads<\/h2>\n<p>Le moment o\u00f9 votre client potentiel effectue ses recherche est extr\u00eamement important. Vous devez \u00eatre visible pendant cet instant critique. Google Ads permet d&rsquo;afficher votre publicit\u00e9 dans les r\u00e9sultats de recherche Google lorsque votre client magasine en ligne.<\/p>\n<p>Les clics sur des publicit\u00e9s Google Ads repr\u00e9sentent 30% des clics sur une page de r\u00e9sultats de recherche. Passez devant votre comp\u00e9tition et profitez de cette opportunit\u00e9 pour devenir visible et ainsi augmenter vos ventes.<br \/>\n<br \/><\/p>\n<hr \/>\n<br \/>\n<h2>Publicit\u00e9 Facebook<\/h2>\n<p>Avec plus de deux milliards d&rsquo;utilisateurs actifs sur Facebook, le r\u00e9seau social est devenu un incontournable pour joindre certains types de client\u00e8le. La plateforme publicitaire de Facebook permet de joindre ses utilisateurs de diverses mani\u00e8res.<\/p>\n<p>Pour vous d\u00e9marquer sur Facebook, il vous faut privil\u00e9gier des publicit\u00e9s qui sont visuellement int\u00e9ressantes. Vous pouvez faire des publicit\u00e9s \u00e0 partir d&rsquo;une photo, d&rsquo;un ensemble de photos ou des vid\u00e9os. Il faut \u00e9viter de trop charger le visuel avec des message publicitaires.<br \/>\n<br \/><\/p>\n<hr \/>\n<br \/>\n<h2>Reciblage (<em>Remarketing<\/em>)<\/h2>\n<p>Le <em>remarketing<\/em> permet d&rsquo;afficher une publicit\u00e9 aux gens qui sont venus visiter votre site web. Gr\u00e2ce \u00e0 l&rsquo;omnipr\u00e9sence des r\u00e9seaux de Facebook et de Google, vous pouvez suivre vos clients potentiels apr\u00e8s qu&rsquo;ils aient visit\u00e9 votre site et recueillir ainsi une richesse d&rsquo;information sur leurs habitudes de consommation.<\/p>\n<p>La popularit\u00e9 de ce type de campagne publicitaire est en grande croissance car il donne g\u00e9n\u00e9ralement de tr\u00e8s bons r\u00e9sultats. Sur Facebook, le <em>remarketing<\/em> peut se combiner \u00e0 tous les crit\u00e8res de ciblage d\u00e9j\u00e0 disponibles. Vous pouvez ainsi personnaliser votre message en filtrant un sous ensemble des visiteurs de votre site web.<\/p>\n<p>Sur le r\u00e9seau de Google, il existe plusieurs possibilit\u00e9s offertes par le <em>remarketing<\/em>. L&rsquo;audience de votre site web peut aussi \u00eatre filtr\u00e9e pour que la publicit\u00e9 soit affich\u00e9e seulement \u00e0 des visiteurs ayant un certain profil socio-d\u00e9mographique ou des centres d&rsquo;int\u00e9r\u00eat particuliers.\u00a0 Les possibilit\u00e9s sont infinies et \u00e0 la hauteur de votre cr\u00e9ativit\u00e9.<\/p>\n<p>&nbsp;<\/p>\n<p>&nbsp;<\/p>\n","protected":false},"excerpt":{"rendered":"<p>Google Ads Le moment o\u00f9 votre client potentiel effectue ses recherche est extr\u00eamement important. Vous devez \u00eatre visible pendant cet &hellip; <br \/><a href=\"https:\/\/dev.ursa.marketing\/fr\/tactique\/publicite-numerique\/\">Lire la suite<\/a><\/p>\n","protected":false},"author":1,"featured_media":0,"parent":9,"menu_order":0,"comment_status":"closed","ping_status":"closed","template":"template-service-first.php","meta":[],"yoast_head":"<!-- This site is optimized with the Yoast SEO plugin v17.9 - https:\/\/yoast.com\/wordpress\/plugins\/seo\/ -->\n<title>Publicit\u00e9 num\u00e9rique - Ursa Marketing<\/title>\n<meta name=\"description\" content=\"Votre entreprise doit \u00eatre vue par un certain auditoire. Vous voulez mettre en place une strat\u00e9gie de r\u00e9f\u00e9rencement payant. Une publicit\u00e9 num\u00e9rique bien cibl\u00e9e accro\u00eet votre visibilit\u00e9 et peut g\u00e9n\u00e9rer un ROI \u00e9tonnant. Google Adwords, la publicit\u00e9 Facebook et le remarketing sont 3 moyens que vous devez consid\u00e9rer.\" \/>\n<meta name=\"robots\" content=\"noindex, follow, max-snippet:-1, max-image-preview:large, max-video-preview:-1\" \/>\n<meta property=\"og:locale\" content=\"fr_FR\" \/>\n<meta property=\"og:type\" content=\"article\" \/>\n<meta property=\"og:title\" content=\"Publicit\u00e9 num\u00e9rique - Ursa Marketing\" \/>\n<meta property=\"og:description\" content=\"Votre entreprise doit \u00eatre vue par un certain auditoire. Vous voulez mettre en place une strat\u00e9gie de r\u00e9f\u00e9rencement payant. Une publicit\u00e9 num\u00e9rique bien cibl\u00e9e accro\u00eet votre visibilit\u00e9 et peut g\u00e9n\u00e9rer un ROI \u00e9tonnant. Google Adwords, la publicit\u00e9 Facebook et le remarketing sont 3 moyens que vous devez consid\u00e9rer.\" \/>\n<meta property=\"og:url\" content=\"https:\/\/dev.ursa.marketing\/fr\/tactique\/publicite-numerique\/\" \/>\n<meta property=\"og:site_name\" content=\"Ursa Marketing\" \/>\n<meta property=\"article:publisher\" content=\"https:\/\/www.facebook.com\/UrsaNumerique\/\" \/>\n<meta property=\"article:modified_time\" content=\"2019-04-26T17:50:30+00:00\" \/>\n<meta property=\"og:image\" content=\"https:\/\/dev.ursa.marketing\/wp-content\/uploads\/2018\/08\/URSA_fb_img.jpg\" \/>\n\t<meta property=\"og:image:width\" content=\"1200\" \/>\n\t<meta property=\"og:image:height\" content=\"627\" \/>\n\t<meta property=\"og:image:type\" content=\"image\/jpeg\" \/>\n<meta name=\"twitter:card\" content=\"summary\" \/>\n<meta name=\"twitter:label1\" content=\"Est. reading time\" \/>\n\t<meta name=\"twitter:data1\" content=\"2 minutes\" \/>\n<script type=\"application\/ld+json\" class=\"yoast-schema-graph\">{\"@context\":\"https:\/\/schema.org\",\"@graph\":[{\"@type\":\"Organization\",\"@id\":\"https:\/\/dev.ursa.marketing\/fr\/#organization\",\"name\":\"Ursa Marketing\",\"url\":\"https:\/\/dev.ursa.marketing\/fr\/\",\"sameAs\":[\"https:\/\/www.facebook.com\/UrsaNumerique\/\",\"https:\/\/www.linkedin.com\/company\/ursa-marketing\/\"],\"logo\":{\"@type\":\"ImageObject\",\"@id\":\"https:\/\/dev.ursa.marketing\/fr\/#logo\",\"inLanguage\":\"fr-FR\",\"url\":\"https:\/\/dev.ursa.marketing\/wp-content\/uploads\/2018\/08\/URSA_fb_img.jpg\",\"contentUrl\":\"https:\/\/dev.ursa.marketing\/wp-content\/uploads\/2018\/08\/URSA_fb_img.jpg\",\"width\":1200,\"height\":627,\"caption\":\"Ursa Marketing\"},\"image\":{\"@id\":\"https:\/\/dev.ursa.marketing\/fr\/#logo\"}},{\"@type\":\"WebSite\",\"@id\":\"https:\/\/dev.ursa.marketing\/fr\/#website\",\"url\":\"https:\/\/dev.ursa.marketing\/fr\/\",\"name\":\"Ursa Marketing\",\"description\":\"Votre Guide vers la r\\u00e9ussite num\\u00e9rique\",\"publisher\":{\"@id\":\"https:\/\/dev.ursa.marketing\/fr\/#organization\"},\"potentialAction\":[{\"@type\":\"SearchAction\",\"target\":{\"@type\":\"EntryPoint\",\"urlTemplate\":\"https:\/\/dev.ursa.marketing\/fr\/?s={search_term_string}\"},\"query-input\":\"required name=search_term_string\"}],\"inLanguage\":\"fr-FR\"},{\"@type\":\"WebPage\",\"@id\":\"https:\/\/dev.ursa.marketing\/fr\/tactique\/publicite-numerique\/#webpage\",\"url\":\"https:\/\/dev.ursa.marketing\/fr\/tactique\/publicite-numerique\/\",\"name\":\"Publicit\\u00e9 num\\u00e9rique - Ursa Marketing\",\"isPartOf\":{\"@id\":\"https:\/\/dev.ursa.marketing\/fr\/#website\"},\"datePublished\":\"2017-10-25T15:07:24+00:00\",\"dateModified\":\"2019-04-26T17:50:30+00:00\",\"description\":\"Votre entreprise doit \\u00eatre vue par un certain auditoire. Vous voulez mettre en place une strat\\u00e9gie de r\\u00e9f\\u00e9rencement payant. Une publicit\\u00e9 num\\u00e9rique bien cibl\\u00e9e accro\\u00eet votre visibilit\\u00e9 et peut g\\u00e9n\\u00e9rer un ROI \\u00e9tonnant. Google Adwords, la publicit\\u00e9 Facebook et le remarketing sont 3 moyens que vous devez consid\\u00e9rer.\",\"breadcrumb\":{\"@id\":\"https:\/\/dev.ursa.marketing\/fr\/tactique\/publicite-numerique\/#breadcrumb\"},\"inLanguage\":\"fr-FR\",\"potentialAction\":[{\"@type\":\"ReadAction\",\"target\":[\"https:\/\/dev.ursa.marketing\/fr\/tactique\/publicite-numerique\/\"]}]},{\"@type\":\"BreadcrumbList\",\"@id\":\"https:\/\/dev.ursa.marketing\/fr\/tactique\/publicite-numerique\/#breadcrumb\",\"itemListElement\":[{\"@type\":\"ListItem\",\"position\":1,\"name\":\"Home\",\"item\":\"https:\/\/dev.ursa.marketing\/fr\/\"},{\"@type\":\"ListItem\",\"position\":2,\"name\":\"Tactiques marketing num\\u00e9rique\",\"item\":\"https:\/\/dev.ursa.marketing\/fr\/tactique\/\"},{\"@type\":\"ListItem\",\"position\":3,\"name\":\"Publicit\\u00e9 num\\u00e9rique\"}]}]}<\/script>\n<!-- \/ Yoast SEO plugin. -->","yoast_head_json":{"title":"Publicit\u00e9 num\u00e9rique - Ursa Marketing","description":"Votre entreprise doit \u00eatre vue par un certain auditoire. Vous voulez mettre en place une strat\u00e9gie de r\u00e9f\u00e9rencement payant. Une publicit\u00e9 num\u00e9rique bien cibl\u00e9e accro\u00eet votre visibilit\u00e9 et peut g\u00e9n\u00e9rer un ROI \u00e9tonnant. Google Adwords, la publicit\u00e9 Facebook et le remarketing sont 3 moyens que vous devez consid\u00e9rer.","robots":{"index":"noindex","follow":"follow","max-snippet":"max-snippet:-1","max-image-preview":"max-image-preview:large","max-video-preview":"max-video-preview:-1"},"og_locale":"fr_FR","og_type":"article","og_title":"Publicit\u00e9 num\u00e9rique - Ursa Marketing","og_description":"Votre entreprise doit \u00eatre vue par un certain auditoire. Vous voulez mettre en place une strat\u00e9gie de r\u00e9f\u00e9rencement payant. Une publicit\u00e9 num\u00e9rique bien cibl\u00e9e accro\u00eet votre visibilit\u00e9 et peut g\u00e9n\u00e9rer un ROI \u00e9tonnant. Google Adwords, la publicit\u00e9 Facebook et le remarketing sont 3 moyens que vous devez consid\u00e9rer.","og_url":"https:\/\/dev.ursa.marketing\/fr\/tactique\/publicite-numerique\/","og_site_name":"Ursa Marketing","article_publisher":"https:\/\/www.facebook.com\/UrsaNumerique\/","article_modified_time":"2019-04-26T17:50:30+00:00","og_image":[{"width":1200,"height":627,"url":"https:\/\/dev.ursa.marketing\/wp-content\/uploads\/2018\/08\/URSA_fb_img.jpg","type":"image\/jpeg"}],"twitter_card":"summary","twitter_misc":{"Est. reading time":"2 minutes"},"schema":{"@context":"https:\/\/schema.org","@graph":[{"@type":"Organization","@id":"https:\/\/dev.ursa.marketing\/fr\/#organization","name":"Ursa Marketing","url":"https:\/\/dev.ursa.marketing\/fr\/","sameAs":["https:\/\/www.facebook.com\/UrsaNumerique\/","https:\/\/www.linkedin.com\/company\/ursa-marketing\/"],"logo":{"@type":"ImageObject","@id":"https:\/\/dev.ursa.marketing\/fr\/#logo","inLanguage":"fr-FR","url":"https:\/\/dev.ursa.marketing\/wp-content\/uploads\/2018\/08\/URSA_fb_img.jpg","contentUrl":"https:\/\/dev.ursa.marketing\/wp-content\/uploads\/2018\/08\/URSA_fb_img.jpg","width":1200,"height":627,"caption":"Ursa Marketing"},"image":{"@id":"https:\/\/dev.ursa.marketing\/fr\/#logo"}},{"@type":"WebSite","@id":"https:\/\/dev.ursa.marketing\/fr\/#website","url":"https:\/\/dev.ursa.marketing\/fr\/","name":"Ursa Marketing","description":"Votre Guide vers la r\u00e9ussite num\u00e9rique","publisher":{"@id":"https:\/\/dev.ursa.marketing\/fr\/#organization"},"potentialAction":[{"@type":"SearchAction","target":{"@type":"EntryPoint","urlTemplate":"https:\/\/dev.ursa.marketing\/fr\/?s={search_term_string}"},"query-input":"required name=search_term_string"}],"inLanguage":"fr-FR"},{"@type":"WebPage","@id":"https:\/\/dev.ursa.marketing\/fr\/tactique\/publicite-numerique\/#webpage","url":"https:\/\/dev.ursa.marketing\/fr\/tactique\/publicite-numerique\/","name":"Publicit\u00e9 num\u00e9rique - Ursa Marketing","isPartOf":{"@id":"https:\/\/dev.ursa.marketing\/fr\/#website"},"datePublished":"2017-10-25T15:07:24+00:00","dateModified":"2019-04-26T17:50:30+00:00","description":"Votre entreprise doit \u00eatre vue par un certain auditoire. Vous voulez mettre en place une strat\u00e9gie de r\u00e9f\u00e9rencement payant. Une publicit\u00e9 num\u00e9rique bien cibl\u00e9e accro\u00eet votre visibilit\u00e9 et peut g\u00e9n\u00e9rer un ROI \u00e9tonnant. Google Adwords, la publicit\u00e9 Facebook et le remarketing sont 3 moyens que vous devez consid\u00e9rer.","breadcrumb":{"@id":"https:\/\/dev.ursa.marketing\/fr\/tactique\/publicite-numerique\/#breadcrumb"},"inLanguage":"fr-FR","potentialAction":[{"@type":"ReadAction","target":["https:\/\/dev.ursa.marketing\/fr\/tactique\/publicite-numerique\/"]}]},{"@type":"BreadcrumbList","@id":"https:\/\/dev.ursa.marketing\/fr\/tactique\/publicite-numerique\/#breadcrumb","itemListElement":[{"@type":"ListItem","position":1,"name":"Home","item":"https:\/\/dev.ursa.marketing\/fr\/"},{"@type":"ListItem","position":2,"name":"Tactiques marketing num\u00e9rique","item":"https:\/\/dev.ursa.marketing\/fr\/tactique\/"},{"@type":"ListItem","position":3,"name":"Publicit\u00e9 num\u00e9rique"}]}]}},"_links":{"self":[{"href":"https:\/\/dev.ursa.marketing\/fr\/wp-json\/wp\/v2\/pages\/11"}],"collection":[{"href":"https:\/\/dev.ursa.marketing\/fr\/wp-json\/wp\/v2\/pages"}],"about":[{"href":"https:\/\/dev.ursa.marketing\/fr\/wp-json\/wp\/v2\/types\/page"}],"author":[{"embeddable":true,"href":"https:\/\/dev.ursa.marketing\/fr\/wp-json\/wp\/v2\/users\/1"}],"replies":[{"embeddable":true,"href":"https:\/\/dev.ursa.marketing\/fr\/wp-json\/wp\/v2\/comments?post=11"}],"version-history":[{"count":17,"href":"https:\/\/dev.ursa.marketing\/fr\/wp-json\/wp\/v2\/pages\/11\/revisions"}],"predecessor-version":[{"id":964,"href":"https:\/\/dev.ursa.marketing\/fr\/wp-json\/wp\/v2\/pages\/11\/revisions\/964"}],"up":[{"embeddable":true,"href":"https:\/\/dev.ursa.marketing\/fr\/wp-json\/wp\/v2\/pages\/9"}],"wp:attachment":[{"href":"https:\/\/dev.ursa.marketing\/fr\/wp-json\/wp\/v2\/media?parent=11"}],"curies":[{"name":"wp","href":"https:\/\/api.w.org\/{rel}","templated":true}]}}