{"id":13,"date":"2017-10-25T15:07:35","date_gmt":"2017-10-25T15:07:35","guid":{"rendered":"http:\/\/epic.domingue.ca\/?page_id=13"},"modified":"2018-08-02T20:49:11","modified_gmt":"2018-08-02T20:49:11","slug":"formation","status":"publish","type":"page","link":"https:\/\/dev.ursa.marketing\/fr\/tactique\/formation\/","title":{"rendered":"Formation en entreprise"},"content":{"rendered":"<p>Notre service de formation en marketing num\u00e9rique vous permet d&rsquo;acqu\u00e9rir des connaissances pour augmenter le revenu de votre entreprise. Le marketing num\u00e9rique \u00e9volue constamment.\u00a0 C&rsquo;est pourquoi nous vous offrons de la formation en entreprise. Notre \u00e9quipe est \u00e0 l&rsquo;\u00e9coute de vos objectifs.<\/p>\n<p>Nos formations vous permettent d&rsquo;acqu\u00e9rir les connaissances requises pour obtenir des excellents r\u00e9sultats.<\/p>\n<p>Voici quelques unes de nos formations offertes:<\/p>\n<ul>\n<li><a href=\"https:\/\/dev.ursa.marketing\/fr\/tactique\/formation\/formation-google-analytics\/\">Google Analytics &#8211; D\u00e9butants<\/a><\/li>\n<li><a href=\"https:\/\/dev.ursa.marketing\/fr\/tactique\/formation\/formation-google-analytics-intermediaire\/\">Google Analytics &#8211; Interm\u00e9diaire<\/a><\/li>\n<li><a href=\"https:\/\/dev.ursa.marketing\/fr\/tactique\/formation\/formation-publicite-numerique\/\">Publicit\u00e9 Num\u00e9rique &#8211; Planification de campagne<\/a><\/li>\n<li><a href=\"https:\/\/dev.ursa.marketing\/fr\/tactique\/formation\/formation-seo-comprendre-le-fonctionnement-de-google\/\">SEO &#8211; D\u00e9butant &#8211; Comprendre les moteurs de recherche<\/a><\/li>\n<li><a href=\"https:\/\/dev.ursa.marketing\/fr\/tactique\/formation\/formation-google-data-studio-tableaux-de-bord\/\">Google Data Studio &#8211; Tableaux de bord<\/a><\/li>\n<\/ul>\n<p>Nous pouvons aussi vous offrir de la formation sur demande et personnalis\u00e9e.\u00a0 Contactez-nous et nous pourrons vous aider.<\/p>\n<p>Pour des projets cl\u00e9 en main, nos <a href=\"https:\/\/dev.ursa.marketing\/fr\/tactique\/\">tactiques de marketing num\u00e9rique<\/a> peuvent vous aider \u00e0 augmenter le revenu de votre entreprise.<\/p>\n<p>&nbsp;<\/p>\n","protected":false},"excerpt":{"rendered":"<p>Notre service de formation en marketing num\u00e9rique vous permet d&rsquo;acqu\u00e9rir des connaissances pour augmenter le revenu de votre entreprise. Le &hellip; <br \/><a href=\"https:\/\/dev.ursa.marketing\/fr\/tactique\/formation\/\">Lire la suite<\/a><\/p>\n","protected":false},"author":1,"featured_media":0,"parent":9,"menu_order":0,"comment_status":"closed","ping_status":"closed","template":"template-service-first.php","meta":[],"yoast_head":"<!-- This site is optimized with the Yoast SEO plugin v17.9 - https:\/\/yoast.com\/wordpress\/plugins\/seo\/ -->\n<title>Formation en entreprise - Ursa Marketing<\/title>\n<meta name=\"description\" content=\"Notre formation en entreprise, adapt\u00e9es en fonction de vos besoins et objectifs, porte sur divers aspects du marketing num\u00e9rique. De niveaux d\u00e9butant ou interm\u00e9diaire, nous offrons de la formation sur Google Analytics, SEO, Google Data Studio et sur la publicit\u00e9 num\u00e9rique. D&#039;autres formations peuvent aussi s&#039;ajouter.\" \/>\n<meta name=\"robots\" content=\"noindex, follow, max-snippet:-1, max-image-preview:large, max-video-preview:-1\" \/>\n<meta property=\"og:locale\" content=\"fr_FR\" \/>\n<meta property=\"og:type\" content=\"article\" \/>\n<meta property=\"og:title\" content=\"Formation en entreprise - Ursa Marketing\" \/>\n<meta property=\"og:description\" content=\"Notre formation en entreprise, adapt\u00e9es en fonction de vos besoins et objectifs, porte sur divers aspects du marketing num\u00e9rique. De niveaux d\u00e9butant ou interm\u00e9diaire, nous offrons de la formation sur Google Analytics, SEO, Google Data Studio et sur la publicit\u00e9 num\u00e9rique. D&#039;autres formations peuvent aussi s&#039;ajouter.\" \/>\n<meta property=\"og:url\" content=\"https:\/\/dev.ursa.marketing\/fr\/tactique\/formation\/\" \/>\n<meta property=\"og:site_name\" content=\"Ursa Marketing\" \/>\n<meta property=\"article:publisher\" content=\"https:\/\/www.facebook.com\/UrsaNumerique\/\" \/>\n<meta property=\"article:modified_time\" content=\"2018-08-02T20:49:11+00:00\" \/>\n<meta property=\"og:image\" content=\"https:\/\/dev.ursa.marketing\/wp-content\/uploads\/2018\/08\/URSA_fb_img.jpg\" \/>\n\t<meta property=\"og:image:width\" content=\"1200\" \/>\n\t<meta property=\"og:image:height\" content=\"627\" \/>\n\t<meta property=\"og:image:type\" content=\"image\/jpeg\" \/>\n<meta name=\"twitter:card\" content=\"summary\" \/>\n<meta name=\"twitter:label1\" content=\"Est. reading time\" \/>\n\t<meta name=\"twitter:data1\" content=\"1 minute\" \/>\n<script type=\"application\/ld+json\" class=\"yoast-schema-graph\">{\"@context\":\"https:\/\/schema.org\",\"@graph\":[{\"@type\":\"Organization\",\"@id\":\"https:\/\/dev.ursa.marketing\/fr\/#organization\",\"name\":\"Ursa Marketing\",\"url\":\"https:\/\/dev.ursa.marketing\/fr\/\",\"sameAs\":[\"https:\/\/www.facebook.com\/UrsaNumerique\/\",\"https:\/\/www.linkedin.com\/company\/ursa-marketing\/\"],\"logo\":{\"@type\":\"ImageObject\",\"@id\":\"https:\/\/dev.ursa.marketing\/fr\/#logo\",\"inLanguage\":\"fr-FR\",\"url\":\"https:\/\/dev.ursa.marketing\/wp-content\/uploads\/2018\/08\/URSA_fb_img.jpg\",\"contentUrl\":\"https:\/\/dev.ursa.marketing\/wp-content\/uploads\/2018\/08\/URSA_fb_img.jpg\",\"width\":1200,\"height\":627,\"caption\":\"Ursa Marketing\"},\"image\":{\"@id\":\"https:\/\/dev.ursa.marketing\/fr\/#logo\"}},{\"@type\":\"WebSite\",\"@id\":\"https:\/\/dev.ursa.marketing\/fr\/#website\",\"url\":\"https:\/\/dev.ursa.marketing\/fr\/\",\"name\":\"Ursa Marketing\",\"description\":\"Votre Guide vers la r\\u00e9ussite num\\u00e9rique\",\"publisher\":{\"@id\":\"https:\/\/dev.ursa.marketing\/fr\/#organization\"},\"potentialAction\":[{\"@type\":\"SearchAction\",\"target\":{\"@type\":\"EntryPoint\",\"urlTemplate\":\"https:\/\/dev.ursa.marketing\/fr\/?s={search_term_string}\"},\"query-input\":\"required name=search_term_string\"}],\"inLanguage\":\"fr-FR\"},{\"@type\":\"WebPage\",\"@id\":\"https:\/\/dev.ursa.marketing\/fr\/tactique\/formation\/#webpage\",\"url\":\"https:\/\/dev.ursa.marketing\/fr\/tactique\/formation\/\",\"name\":\"Formation en entreprise - Ursa Marketing\",\"isPartOf\":{\"@id\":\"https:\/\/dev.ursa.marketing\/fr\/#website\"},\"datePublished\":\"2017-10-25T15:07:35+00:00\",\"dateModified\":\"2018-08-02T20:49:11+00:00\",\"description\":\"Notre formation en entreprise, adapt\\u00e9es en fonction de vos besoins et objectifs, porte sur divers aspects du marketing num\\u00e9rique. De niveaux d\\u00e9butant ou interm\\u00e9diaire, nous offrons de la formation sur Google Analytics, SEO, Google Data Studio et sur la publicit\\u00e9 num\\u00e9rique. D'autres formations peuvent aussi s'ajouter.\",\"breadcrumb\":{\"@id\":\"https:\/\/dev.ursa.marketing\/fr\/tactique\/formation\/#breadcrumb\"},\"inLanguage\":\"fr-FR\",\"potentialAction\":[{\"@type\":\"ReadAction\",\"target\":[\"https:\/\/dev.ursa.marketing\/fr\/tactique\/formation\/\"]}]},{\"@type\":\"BreadcrumbList\",\"@id\":\"https:\/\/dev.ursa.marketing\/fr\/tactique\/formation\/#breadcrumb\",\"itemListElement\":[{\"@type\":\"ListItem\",\"position\":1,\"name\":\"Home\",\"item\":\"https:\/\/dev.ursa.marketing\/fr\/\"},{\"@type\":\"ListItem\",\"position\":2,\"name\":\"Tactiques marketing num\\u00e9rique\",\"item\":\"https:\/\/dev.ursa.marketing\/fr\/tactique\/\"},{\"@type\":\"ListItem\",\"position\":3,\"name\":\"Formation en entreprise\"}]}]}<\/script>\n<!-- \/ Yoast SEO plugin. -->","yoast_head_json":{"title":"Formation en entreprise - Ursa Marketing","description":"Notre formation en entreprise, adapt\u00e9es en fonction de vos besoins et objectifs, porte sur divers aspects du marketing num\u00e9rique. De niveaux d\u00e9butant ou interm\u00e9diaire, nous offrons de la formation sur Google Analytics, SEO, Google Data Studio et sur la publicit\u00e9 num\u00e9rique. D'autres formations peuvent aussi s'ajouter.","robots":{"index":"noindex","follow":"follow","max-snippet":"max-snippet:-1","max-image-preview":"max-image-preview:large","max-video-preview":"max-video-preview:-1"},"og_locale":"fr_FR","og_type":"article","og_title":"Formation en entreprise - Ursa Marketing","og_description":"Notre formation en entreprise, adapt\u00e9es en fonction de vos besoins et objectifs, porte sur divers aspects du marketing num\u00e9rique. De niveaux d\u00e9butant ou interm\u00e9diaire, nous offrons de la formation sur Google Analytics, SEO, Google Data Studio et sur la publicit\u00e9 num\u00e9rique. D'autres formations peuvent aussi s'ajouter.","og_url":"https:\/\/dev.ursa.marketing\/fr\/tactique\/formation\/","og_site_name":"Ursa Marketing","article_publisher":"https:\/\/www.facebook.com\/UrsaNumerique\/","article_modified_time":"2018-08-02T20:49:11+00:00","og_image":[{"width":1200,"height":627,"url":"https:\/\/dev.ursa.marketing\/wp-content\/uploads\/2018\/08\/URSA_fb_img.jpg","type":"image\/jpeg"}],"twitter_card":"summary","twitter_misc":{"Est. reading time":"1 minute"},"schema":{"@context":"https:\/\/schema.org","@graph":[{"@type":"Organization","@id":"https:\/\/dev.ursa.marketing\/fr\/#organization","name":"Ursa Marketing","url":"https:\/\/dev.ursa.marketing\/fr\/","sameAs":["https:\/\/www.facebook.com\/UrsaNumerique\/","https:\/\/www.linkedin.com\/company\/ursa-marketing\/"],"logo":{"@type":"ImageObject","@id":"https:\/\/dev.ursa.marketing\/fr\/#logo","inLanguage":"fr-FR","url":"https:\/\/dev.ursa.marketing\/wp-content\/uploads\/2018\/08\/URSA_fb_img.jpg","contentUrl":"https:\/\/dev.ursa.marketing\/wp-content\/uploads\/2018\/08\/URSA_fb_img.jpg","width":1200,"height":627,"caption":"Ursa Marketing"},"image":{"@id":"https:\/\/dev.ursa.marketing\/fr\/#logo"}},{"@type":"WebSite","@id":"https:\/\/dev.ursa.marketing\/fr\/#website","url":"https:\/\/dev.ursa.marketing\/fr\/","name":"Ursa Marketing","description":"Votre Guide vers la r\u00e9ussite num\u00e9rique","publisher":{"@id":"https:\/\/dev.ursa.marketing\/fr\/#organization"},"potentialAction":[{"@type":"SearchAction","target":{"@type":"EntryPoint","urlTemplate":"https:\/\/dev.ursa.marketing\/fr\/?s={search_term_string}"},"query-input":"required name=search_term_string"}],"inLanguage":"fr-FR"},{"@type":"WebPage","@id":"https:\/\/dev.ursa.marketing\/fr\/tactique\/formation\/#webpage","url":"https:\/\/dev.ursa.marketing\/fr\/tactique\/formation\/","name":"Formation en entreprise - Ursa Marketing","isPartOf":{"@id":"https:\/\/dev.ursa.marketing\/fr\/#website"},"datePublished":"2017-10-25T15:07:35+00:00","dateModified":"2018-08-02T20:49:11+00:00","description":"Notre formation en entreprise, adapt\u00e9es en fonction de vos besoins et objectifs, porte sur divers aspects du marketing num\u00e9rique. De niveaux d\u00e9butant ou interm\u00e9diaire, nous offrons de la formation sur Google Analytics, SEO, Google Data Studio et sur la publicit\u00e9 num\u00e9rique. D'autres formations peuvent aussi s'ajouter.","breadcrumb":{"@id":"https:\/\/dev.ursa.marketing\/fr\/tactique\/formation\/#breadcrumb"},"inLanguage":"fr-FR","potentialAction":[{"@type":"ReadAction","target":["https:\/\/dev.ursa.marketing\/fr\/tactique\/formation\/"]}]},{"@type":"BreadcrumbList","@id":"https:\/\/dev.ursa.marketing\/fr\/tactique\/formation\/#breadcrumb","itemListElement":[{"@type":"ListItem","position":1,"name":"Home","item":"https:\/\/dev.ursa.marketing\/fr\/"},{"@type":"ListItem","position":2,"name":"Tactiques marketing num\u00e9rique","item":"https:\/\/dev.ursa.marketing\/fr\/tactique\/"},{"@type":"ListItem","position":3,"name":"Formation en entreprise"}]}]}},"_links":{"self":[{"href":"https:\/\/dev.ursa.marketing\/fr\/wp-json\/wp\/v2\/pages\/13"}],"collection":[{"href":"https:\/\/dev.ursa.marketing\/fr\/wp-json\/wp\/v2\/pages"}],"about":[{"href":"https:\/\/dev.ursa.marketing\/fr\/wp-json\/wp\/v2\/types\/page"}],"author":[{"embeddable":true,"href":"https:\/\/dev.ursa.marketing\/fr\/wp-json\/wp\/v2\/users\/1"}],"replies":[{"embeddable":true,"href":"https:\/\/dev.ursa.marketing\/fr\/wp-json\/wp\/v2\/comments?post=13"}],"version-history":[{"count":19,"href":"https:\/\/dev.ursa.marketing\/fr\/wp-json\/wp\/v2\/pages\/13\/revisions"}],"predecessor-version":[{"id":1023,"href":"https:\/\/dev.ursa.marketing\/fr\/wp-json\/wp\/v2\/pages\/13\/revisions\/1023"}],"up":[{"embeddable":true,"href":"https:\/\/dev.ursa.marketing\/fr\/wp-json\/wp\/v2\/pages\/9"}],"wp:attachment":[{"href":"https:\/\/dev.ursa.marketing\/fr\/wp-json\/wp\/v2\/media?parent=13"}],"curies":[{"name":"wp","href":"https:\/\/api.w.org\/{rel}","templated":true}]}}