{"id":141,"date":"2017-11-13T15:23:08","date_gmt":"2017-11-13T15:23:08","guid":{"rendered":"http:\/\/dev.ursa.marketing\/?page_id=141"},"modified":"2018-03-25T23:47:27","modified_gmt":"2018-03-25T23:47:27","slug":"optimiser-votre-referencement-seo","status":"publish","type":"page","link":"https:\/\/dev.ursa.marketing\/fr\/tactique\/optimiser-votre-referencement-seo\/","title":{"rendered":"Optimiser votre r\u00e9f\u00e9rencement SEO"},"content":{"rendered":"<p>Pour avoir du succ\u00e8s en ligne, il est essentiel d&rsquo;\u00eatre pr\u00e9sent dans les premiers r\u00e9sultats de recherche. Une pr\u00e9sence dans la premi\u00e8re page des r\u00e9sultats des moteurs de recherche comme Google vous assure une source d&rsquo;achalandage de visiteurs int\u00e9ress\u00e9s par vos services.<\/p>\n<br \/>\n<hr \/>\n<br \/>\n<h2>Augmenter votre d\u00e9couvrabilit\u00e9<\/h2>\n<p>Pour parvenir \u00e0 \u00eatre sur la premi\u00e8re page des r\u00e9sultats de recherche, il faut que vous ayez un site web bien structur\u00e9 avec le bon contenu. L&rsquo;optimisation de votre r\u00e9f\u00e9rencement SEO peut parfois vous sembler myst\u00e9rieux. M\u00eame si les crit\u00e8res utilis\u00e9s par Google pour d\u00e9terminer l&rsquo;ordre des r\u00e9sultats de recherche ne sont pas tous connus, il existe quelques \u00e9l\u00e9ments que vous pouvez mettre en place pour favoriser votre succ\u00e8s.<br \/>\n<br \/><\/p>\n<hr \/>\n<br \/>\n<h2>Fonctionnement des moteurs de recherche<\/h2>\n<p>Pour \u00eatre en mesure d&rsquo;am\u00e9liorer votre r\u00e9f\u00e9rencement SEO, il est important de comprendre les bases du fonctionnement d&rsquo;un moteur de recherche.<\/p>\n<p>Google, Bing et les autres moteurs de recherches modernes fonctionnent tous de la m\u00eame mani\u00e8re. La premi\u00e8re \u00e9tape, c&rsquo;est la phase d&rsquo;exploration. Des \u00ab\u00a0robots\u00a0\u00bb envoy\u00e9s par les moteurs de recherche sont envoy\u00e9s sur votre site pour l&rsquo;explorer. Pendant cette phase, une copie de votre site web est enregistr\u00e9e par les moteurs de recherche. Cette \u00e9tape se nomme l&rsquo;indexation.<\/p>\n<p>Par la suite, lorsqu&rsquo;une recherche est effectu\u00e9e, les moteurs de recherche fouillent dans leurs bases de donn\u00e9es internes pour d\u00e9terminer quelles pages devraient \u00eatre affich\u00e9es dans les r\u00e9sultats. Pour y arriver, ils utilisent un algorithme dont les secrets sont tr\u00e8s bien gard\u00e9s! Par exemple, l&rsquo;algorithme de Google utilise plus de 200 crit\u00e8res diff\u00e9rents pour construire des r\u00e9sultats de recherche. Sur ces 200 crit\u00e8res, seulement une vingtaine sont connus.<\/p>\n<br \/>\n<hr \/>\n<br \/>\n<h2>Structure SEO de votre site web<\/h2>\n<p>Pour maximiser vos chances de r\u00e9ussite, votre site web doit \u00eatre construit avec une structure qui favorise son exploration par les moteurs de recherche. Lorsque les robots explorent votre site web, ils doivent \u00eatre en mesure de circuler librement. Vous pouvez leur indiquer le contenu \u00e0 explorer gr\u00e2ce au fichier robots.txt et sitemap.xml.<\/p>\n<p>Le fichier robots.txt permet d&#8217;emp\u00eacher les moteurs de recherche d&rsquo;entrer dans certaines portions de votre site web. Dans le cas d&rsquo;un site web qui utilise un gestionnaire de contenu, vous voudrez \u00e9viter que les pages li\u00e9es \u00e0 la console d&rsquo;administration soient index\u00e9es.<\/p>\n<p>Le sitemap.xml est un r\u00e9pertoire de toutes les pages de votre site web. Vous fournissez ainsi une liste de toutes les pages que vous aimeriez qui soient explor\u00e9es et index\u00e9es par les moteurs de recherche. Ce fichier peut aussi \u00eatre utilis\u00e9 pour prioriser certains contenus.<\/p>\n<p>Lorsque les robots des moteurs de recherche explorent vos pages web, ils doivent \u00eatre en mesure de comprendre leur contenu. La bonne utilisation des balises HTML est tr\u00e8s importante. Les balises li\u00e9es au titre et \u00e0 la description de la page sont celles \u00e0 prioriser.<\/p>\n<br \/>\n<hr \/>\n<br \/>\n<h2>Contenu SEO pour votre site web<\/h2>\n<p>L&rsquo;objectif des moteurs de recherche est de trouver la r\u00e9ponse aux questions de leurs utilisateurs. Pour que vos pages web soient affich\u00e9es dans les r\u00e9sultats, elles doivent avoir un contenu susceptible de r\u00e9pondre \u00e0 ces questions!<\/p>\n<p>Pour avoir du succ\u00e8s avec votre r\u00e9f\u00e9rencement SEO, votre site web doit \u00eatre construit avec le bon contenant et \u00eatre rempli du bon contenu!<\/p>\n<p>Pour maximiser vos chances de r\u00e9ussite, le contenu de votre site web doit comporter des mots cl\u00e9s qui sont recherch\u00e9s souvent par les utilisateurs des moteurs de recherche. Pour trouver ces mots cl\u00e9s, il faut avoir recours \u00e0 des outils sp\u00e9cialis\u00e9s.<\/p>\n<br \/>\n<hr \/>\n<br \/>\n<h2>Liens externes vers votre site<\/h2>\n<p>La cr\u00e9ation de liens \u00e0 partir d&rsquo;autres sites vers vos pages web est une mani\u00e8re de gagner en notori\u00e9t\u00e9 aux yeux des moteurs de recherche. L&rsquo;importance accord\u00e9e aux liens est \u00e0 la base de la premi\u00e8re version de l&rsquo;algorithme de Google. La th\u00e9orie : plus une page web re\u00e7oit de liens de l&rsquo;externe, plus elle augmente sa r\u00e9putation. Cette r\u00e9putation est partag\u00e9e avec d&rsquo;autres pages web lorsque vous effectuez \u00e0 votre tour un lien vers une autre page web. Plus le site qui fait un lien vers votre site re\u00e7oit de liens, plus son impact est important.\u00a0 Parlez de vous et parlez avec les autres contribuent \u00e0 vous faire gagner en popularit\u00e9 et en notori\u00e9t\u00e9.\u00a0 Vous b\u00e2tissez votre r\u00e9putation sur tous ces liens entrants et sortants.<\/p>\n<p>Pour avoir du succ\u00e8s avec votre r\u00e9f\u00e9rencement SEO, il est n\u00e9cessaire d&rsquo;avoir une bonne strat\u00e9gie de liens. Vous devez \u00eatre pr\u00e9sent et obtenir des liens de la part de sites web ou publications sp\u00e9cialis\u00e9es de votre industrie. Vous pouvez aussi penser \u00e0 \u00eatre pr\u00e9sent sur les sites d&rsquo;associations, de syndicats ou d&rsquo;\u00e9v\u00e9nement li\u00e9s \u00e0 votre domaine d&rsquo;affaires.<\/p>\n<br \/>\n<hr \/>\n<br \/>\n<h2>Am\u00e9liorer votre position dans les moteurs de recherche<\/h2>\n<p>Notre \u00e9quipe peut vous aider \u00e0 \u00e9laborer et mettre en place une strat\u00e9gie SEO pour vous aider \u00e0 augmenter la d\u00e9couvrabilit\u00e9 de votre entreprise. <a href=\"https:\/\/dev.ursa.marketing\/fr\/contact\/\">Contactez-nous<\/a> pour plus d&rsquo;information!<\/p>\n","protected":false},"excerpt":{"rendered":"<p>Pour avoir du succ\u00e8s en ligne, il est essentiel d&rsquo;\u00eatre pr\u00e9sent dans les premiers r\u00e9sultats de recherche. Une pr\u00e9sence dans &hellip; <br \/><a href=\"https:\/\/dev.ursa.marketing\/fr\/tactique\/optimiser-votre-referencement-seo\/\">Lire la suite<\/a><\/p>\n","protected":false},"author":2,"featured_media":0,"parent":9,"menu_order":0,"comment_status":"closed","ping_status":"closed","template":"template-service-first.php","meta":[],"yoast_head":"<!-- This site is optimized with the Yoast SEO plugin v17.9 - https:\/\/yoast.com\/wordpress\/plugins\/seo\/ -->\n<title>Optimiser votre r\u00e9f\u00e9rencement SEO - Ursa Marketing<\/title>\n<meta name=\"description\" content=\"Pour avoir du succ\u00e8s en ligne, il est essentiel d&#039;\u00eatre pr\u00e9sent d\u00e8s les premiers r\u00e9sultats de recherche. Ursa Marketing peut vous aider \u00e0 \u00e9laborer et mettre en place une strat\u00e9gie SEO pour vous aider \u00e0 augmenter la d\u00e9couvrabilit\u00e9 de votre site web. Vous nous avez d\u00e9couvert. C&#039;est maintenant \u00e0 nous de vous aider.\" \/>\n<meta name=\"robots\" content=\"noindex, follow, max-snippet:-1, max-image-preview:large, max-video-preview:-1\" \/>\n<meta property=\"og:locale\" content=\"fr_FR\" \/>\n<meta property=\"og:type\" content=\"article\" \/>\n<meta property=\"og:title\" content=\"Optimiser votre r\u00e9f\u00e9rencement SEO - Ursa Marketing\" \/>\n<meta property=\"og:description\" content=\"Pour avoir du succ\u00e8s en ligne, il est essentiel d&#039;\u00eatre pr\u00e9sent d\u00e8s les premiers r\u00e9sultats de recherche. Ursa Marketing peut vous aider \u00e0 \u00e9laborer et mettre en place une strat\u00e9gie SEO pour vous aider \u00e0 augmenter la d\u00e9couvrabilit\u00e9 de votre site web. Vous nous avez d\u00e9couvert. C&#039;est maintenant \u00e0 nous de vous aider.\" \/>\n<meta property=\"og:url\" content=\"https:\/\/dev.ursa.marketing\/fr\/tactique\/optimiser-votre-referencement-seo\/\" \/>\n<meta property=\"og:site_name\" content=\"Ursa Marketing\" \/>\n<meta property=\"article:publisher\" content=\"https:\/\/www.facebook.com\/UrsaNumerique\/\" \/>\n<meta property=\"article:modified_time\" content=\"2018-03-25T23:47:27+00:00\" \/>\n<meta property=\"og:image\" content=\"https:\/\/dev.ursa.marketing\/wp-content\/uploads\/2018\/08\/URSA_fb_img.jpg\" \/>\n\t<meta property=\"og:image:width\" content=\"1200\" \/>\n\t<meta property=\"og:image:height\" content=\"627\" \/>\n\t<meta property=\"og:image:type\" content=\"image\/jpeg\" \/>\n<meta name=\"twitter:card\" content=\"summary\" \/>\n<meta name=\"twitter:label1\" content=\"Est. reading time\" \/>\n\t<meta name=\"twitter:data1\" content=\"4 minutes\" \/>\n<script type=\"application\/ld+json\" class=\"yoast-schema-graph\">{\"@context\":\"https:\/\/schema.org\",\"@graph\":[{\"@type\":\"Organization\",\"@id\":\"https:\/\/dev.ursa.marketing\/fr\/#organization\",\"name\":\"Ursa Marketing\",\"url\":\"https:\/\/dev.ursa.marketing\/fr\/\",\"sameAs\":[\"https:\/\/www.facebook.com\/UrsaNumerique\/\",\"https:\/\/www.linkedin.com\/company\/ursa-marketing\/\"],\"logo\":{\"@type\":\"ImageObject\",\"@id\":\"https:\/\/dev.ursa.marketing\/fr\/#logo\",\"inLanguage\":\"fr-FR\",\"url\":\"https:\/\/dev.ursa.marketing\/wp-content\/uploads\/2018\/08\/URSA_fb_img.jpg\",\"contentUrl\":\"https:\/\/dev.ursa.marketing\/wp-content\/uploads\/2018\/08\/URSA_fb_img.jpg\",\"width\":1200,\"height\":627,\"caption\":\"Ursa Marketing\"},\"image\":{\"@id\":\"https:\/\/dev.ursa.marketing\/fr\/#logo\"}},{\"@type\":\"WebSite\",\"@id\":\"https:\/\/dev.ursa.marketing\/fr\/#website\",\"url\":\"https:\/\/dev.ursa.marketing\/fr\/\",\"name\":\"Ursa Marketing\",\"description\":\"Votre Guide vers la r\\u00e9ussite num\\u00e9rique\",\"publisher\":{\"@id\":\"https:\/\/dev.ursa.marketing\/fr\/#organization\"},\"potentialAction\":[{\"@type\":\"SearchAction\",\"target\":{\"@type\":\"EntryPoint\",\"urlTemplate\":\"https:\/\/dev.ursa.marketing\/fr\/?s={search_term_string}\"},\"query-input\":\"required name=search_term_string\"}],\"inLanguage\":\"fr-FR\"},{\"@type\":\"WebPage\",\"@id\":\"https:\/\/dev.ursa.marketing\/fr\/tactique\/optimiser-votre-referencement-seo\/#webpage\",\"url\":\"https:\/\/dev.ursa.marketing\/fr\/tactique\/optimiser-votre-referencement-seo\/\",\"name\":\"Optimiser votre r\\u00e9f\\u00e9rencement SEO - Ursa Marketing\",\"isPartOf\":{\"@id\":\"https:\/\/dev.ursa.marketing\/fr\/#website\"},\"datePublished\":\"2017-11-13T15:23:08+00:00\",\"dateModified\":\"2018-03-25T23:47:27+00:00\",\"description\":\"Pour avoir du succ\\u00e8s en ligne, il est essentiel d'\\u00eatre pr\\u00e9sent d\\u00e8s les premiers r\\u00e9sultats de recherche. Ursa Marketing peut vous aider \\u00e0 \\u00e9laborer et mettre en place une strat\\u00e9gie SEO pour vous aider \\u00e0 augmenter la d\\u00e9couvrabilit\\u00e9 de votre site web. Vous nous avez d\\u00e9couvert. C'est maintenant \\u00e0 nous de vous aider.\",\"breadcrumb\":{\"@id\":\"https:\/\/dev.ursa.marketing\/fr\/tactique\/optimiser-votre-referencement-seo\/#breadcrumb\"},\"inLanguage\":\"fr-FR\",\"potentialAction\":[{\"@type\":\"ReadAction\",\"target\":[\"https:\/\/dev.ursa.marketing\/fr\/tactique\/optimiser-votre-referencement-seo\/\"]}]},{\"@type\":\"BreadcrumbList\",\"@id\":\"https:\/\/dev.ursa.marketing\/fr\/tactique\/optimiser-votre-referencement-seo\/#breadcrumb\",\"itemListElement\":[{\"@type\":\"ListItem\",\"position\":1,\"name\":\"Home\",\"item\":\"https:\/\/dev.ursa.marketing\/fr\/\"},{\"@type\":\"ListItem\",\"position\":2,\"name\":\"Tactiques marketing num\\u00e9rique\",\"item\":\"https:\/\/dev.ursa.marketing\/fr\/tactique\/\"},{\"@type\":\"ListItem\",\"position\":3,\"name\":\"Optimiser votre r\\u00e9f\\u00e9rencement SEO\"}]}]}<\/script>\n<!-- \/ Yoast SEO plugin. -->","yoast_head_json":{"title":"Optimiser votre r\u00e9f\u00e9rencement SEO - Ursa Marketing","description":"Pour avoir du succ\u00e8s en ligne, il est essentiel d'\u00eatre pr\u00e9sent d\u00e8s les premiers r\u00e9sultats de recherche. Ursa Marketing peut vous aider \u00e0 \u00e9laborer et mettre en place une strat\u00e9gie SEO pour vous aider \u00e0 augmenter la d\u00e9couvrabilit\u00e9 de votre site web. Vous nous avez d\u00e9couvert. C'est maintenant \u00e0 nous de vous aider.","robots":{"index":"noindex","follow":"follow","max-snippet":"max-snippet:-1","max-image-preview":"max-image-preview:large","max-video-preview":"max-video-preview:-1"},"og_locale":"fr_FR","og_type":"article","og_title":"Optimiser votre r\u00e9f\u00e9rencement SEO - Ursa Marketing","og_description":"Pour avoir du succ\u00e8s en ligne, il est essentiel d'\u00eatre pr\u00e9sent d\u00e8s les premiers r\u00e9sultats de recherche. Ursa Marketing peut vous aider \u00e0 \u00e9laborer et mettre en place une strat\u00e9gie SEO pour vous aider \u00e0 augmenter la d\u00e9couvrabilit\u00e9 de votre site web. Vous nous avez d\u00e9couvert. C'est maintenant \u00e0 nous de vous aider.","og_url":"https:\/\/dev.ursa.marketing\/fr\/tactique\/optimiser-votre-referencement-seo\/","og_site_name":"Ursa Marketing","article_publisher":"https:\/\/www.facebook.com\/UrsaNumerique\/","article_modified_time":"2018-03-25T23:47:27+00:00","og_image":[{"width":1200,"height":627,"url":"https:\/\/dev.ursa.marketing\/wp-content\/uploads\/2018\/08\/URSA_fb_img.jpg","type":"image\/jpeg"}],"twitter_card":"summary","twitter_misc":{"Est. reading time":"4 minutes"},"schema":{"@context":"https:\/\/schema.org","@graph":[{"@type":"Organization","@id":"https:\/\/dev.ursa.marketing\/fr\/#organization","name":"Ursa Marketing","url":"https:\/\/dev.ursa.marketing\/fr\/","sameAs":["https:\/\/www.facebook.com\/UrsaNumerique\/","https:\/\/www.linkedin.com\/company\/ursa-marketing\/"],"logo":{"@type":"ImageObject","@id":"https:\/\/dev.ursa.marketing\/fr\/#logo","inLanguage":"fr-FR","url":"https:\/\/dev.ursa.marketing\/wp-content\/uploads\/2018\/08\/URSA_fb_img.jpg","contentUrl":"https:\/\/dev.ursa.marketing\/wp-content\/uploads\/2018\/08\/URSA_fb_img.jpg","width":1200,"height":627,"caption":"Ursa Marketing"},"image":{"@id":"https:\/\/dev.ursa.marketing\/fr\/#logo"}},{"@type":"WebSite","@id":"https:\/\/dev.ursa.marketing\/fr\/#website","url":"https:\/\/dev.ursa.marketing\/fr\/","name":"Ursa Marketing","description":"Votre Guide vers la r\u00e9ussite num\u00e9rique","publisher":{"@id":"https:\/\/dev.ursa.marketing\/fr\/#organization"},"potentialAction":[{"@type":"SearchAction","target":{"@type":"EntryPoint","urlTemplate":"https:\/\/dev.ursa.marketing\/fr\/?s={search_term_string}"},"query-input":"required name=search_term_string"}],"inLanguage":"fr-FR"},{"@type":"WebPage","@id":"https:\/\/dev.ursa.marketing\/fr\/tactique\/optimiser-votre-referencement-seo\/#webpage","url":"https:\/\/dev.ursa.marketing\/fr\/tactique\/optimiser-votre-referencement-seo\/","name":"Optimiser votre r\u00e9f\u00e9rencement SEO - Ursa Marketing","isPartOf":{"@id":"https:\/\/dev.ursa.marketing\/fr\/#website"},"datePublished":"2017-11-13T15:23:08+00:00","dateModified":"2018-03-25T23:47:27+00:00","description":"Pour avoir du succ\u00e8s en ligne, il est essentiel d'\u00eatre pr\u00e9sent d\u00e8s les premiers r\u00e9sultats de recherche. Ursa Marketing peut vous aider \u00e0 \u00e9laborer et mettre en place une strat\u00e9gie SEO pour vous aider \u00e0 augmenter la d\u00e9couvrabilit\u00e9 de votre site web. Vous nous avez d\u00e9couvert. C'est maintenant \u00e0 nous de vous aider.","breadcrumb":{"@id":"https:\/\/dev.ursa.marketing\/fr\/tactique\/optimiser-votre-referencement-seo\/#breadcrumb"},"inLanguage":"fr-FR","potentialAction":[{"@type":"ReadAction","target":["https:\/\/dev.ursa.marketing\/fr\/tactique\/optimiser-votre-referencement-seo\/"]}]},{"@type":"BreadcrumbList","@id":"https:\/\/dev.ursa.marketing\/fr\/tactique\/optimiser-votre-referencement-seo\/#breadcrumb","itemListElement":[{"@type":"ListItem","position":1,"name":"Home","item":"https:\/\/dev.ursa.marketing\/fr\/"},{"@type":"ListItem","position":2,"name":"Tactiques marketing num\u00e9rique","item":"https:\/\/dev.ursa.marketing\/fr\/tactique\/"},{"@type":"ListItem","position":3,"name":"Optimiser votre r\u00e9f\u00e9rencement SEO"}]}]}},"_links":{"self":[{"href":"https:\/\/dev.ursa.marketing\/fr\/wp-json\/wp\/v2\/pages\/141"}],"collection":[{"href":"https:\/\/dev.ursa.marketing\/fr\/wp-json\/wp\/v2\/pages"}],"about":[{"href":"https:\/\/dev.ursa.marketing\/fr\/wp-json\/wp\/v2\/types\/page"}],"author":[{"embeddable":true,"href":"https:\/\/dev.ursa.marketing\/fr\/wp-json\/wp\/v2\/users\/2"}],"replies":[{"embeddable":true,"href":"https:\/\/dev.ursa.marketing\/fr\/wp-json\/wp\/v2\/comments?post=141"}],"version-history":[{"count":42,"href":"https:\/\/dev.ursa.marketing\/fr\/wp-json\/wp\/v2\/pages\/141\/revisions"}],"predecessor-version":[{"id":753,"href":"https:\/\/dev.ursa.marketing\/fr\/wp-json\/wp\/v2\/pages\/141\/revisions\/753"}],"up":[{"embeddable":true,"href":"https:\/\/dev.ursa.marketing\/fr\/wp-json\/wp\/v2\/pages\/9"}],"wp:attachment":[{"href":"https:\/\/dev.ursa.marketing\/fr\/wp-json\/wp\/v2\/media?parent=141"}],"curies":[{"name":"wp","href":"https:\/\/api.w.org\/{rel}","templated":true}]}}