{"id":18,"date":"2017-10-25T15:08:54","date_gmt":"2017-10-25T15:08:54","guid":{"rendered":"http:\/\/epic.domingue.ca\/?page_id=18"},"modified":"2019-04-26T17:49:27","modified_gmt":"2019-04-26T17:49:27","slug":"mesure-de-performance-et-tableaux-de-bords","status":"publish","type":"page","link":"https:\/\/dev.ursa.marketing\/fr\/tactique\/mesure-de-performance-et-tableaux-de-bords\/","title":{"rendered":"Mesure de performance et tableaux de bord"},"content":{"rendered":"<h2>Sources de donn\u00e9es<\/h2>\n<p>Nous pouvons cr\u00e9er des tableaux de bord bas\u00e9s sur l\u2019information provenant de :<\/p>\n<ul>\n<li>Google Analytics<\/li>\n<li>Google Ads<\/li>\n<li>Google Search Console<\/li>\n<li>Google Sheet<\/li>\n<li>Facebook \u2013 Statistiques de page<\/li>\n<li>Facebook \u2013 Statistiques de publicit\u00e9<\/li>\n<li>Source personalis\u00e9e<\/li>\n<\/ul>\n<br \/>\n<hr \/>\n<br \/>\n<h2>Exemples de tableaux de bord<\/h2>\n<p>Voici quelques exemples de tableaux de bord que nous pouvons construire pour vous<\/p>\n<ul>\n<li>Sommaire de votre pr\u00e9sence en ligne<\/li>\n<li>Publicit\u00e9 num\u00e9rique \u2013 Google Ads et Facebook<\/li>\n<li>Cha\u00eene YouTube<\/li>\n<li>Performance SEO<\/li>\n<li>Performance Infolettre<\/li>\n<li>Ventes<\/li>\n<\/ul>\n<p>&nbsp;<\/p>\n<p>Contactez nous pour comprendre comment calculer le co\u00fbt d&rsquo;acquisition d&rsquo;un client et vous aider \u00e0 mesurer le retour sur votre investissement (ROI).<\/p>\n","protected":false},"excerpt":{"rendered":"<p>Sources de donn\u00e9es Nous pouvons cr\u00e9er des tableaux de bord bas\u00e9s sur l\u2019information provenant de : Google Analytics Google Ads &hellip; <br \/><a href=\"https:\/\/dev.ursa.marketing\/fr\/tactique\/mesure-de-performance-et-tableaux-de-bords\/\">Lire la suite<\/a><\/p>\n","protected":false},"author":1,"featured_media":0,"parent":9,"menu_order":0,"comment_status":"closed","ping_status":"closed","template":"template-service-first.php","meta":[],"yoast_head":"<!-- This site is optimized with the Yoast SEO plugin v17.9 - https:\/\/yoast.com\/wordpress\/plugins\/seo\/ -->\n<title>Mesure de performance et tableaux de bord - Ursa Marketing<\/title>\n<meta name=\"description\" content=\"La mesure de performance doit s&#039;asseoir sur des faits provenant de sources d&#039;information fiables telles que Google Analytics. Le tableau de bord permet de synth\u00e9tiser un grand volume d&#039;information g\u00e9n\u00e9r\u00e9 par de multiples sources de donn\u00e9es. Ce tableau de bord doit se composer d&#039;indicateurs (KPI) repr\u00e9sentatifs.\" \/>\n<meta name=\"robots\" content=\"noindex, follow, max-snippet:-1, max-image-preview:large, max-video-preview:-1\" \/>\n<meta property=\"og:locale\" content=\"fr_FR\" \/>\n<meta property=\"og:type\" content=\"article\" \/>\n<meta property=\"og:title\" content=\"Mesure de performance et tableaux de bord - Ursa Marketing\" \/>\n<meta property=\"og:description\" content=\"La mesure de performance doit s&#039;asseoir sur des faits provenant de sources d&#039;information fiables telles que Google Analytics. Le tableau de bord permet de synth\u00e9tiser un grand volume d&#039;information g\u00e9n\u00e9r\u00e9 par de multiples sources de donn\u00e9es. Ce tableau de bord doit se composer d&#039;indicateurs (KPI) repr\u00e9sentatifs.\" \/>\n<meta property=\"og:url\" content=\"https:\/\/dev.ursa.marketing\/fr\/tactique\/mesure-de-performance-et-tableaux-de-bords\/\" \/>\n<meta property=\"og:site_name\" content=\"Ursa Marketing\" \/>\n<meta property=\"article:publisher\" content=\"https:\/\/www.facebook.com\/UrsaNumerique\/\" \/>\n<meta property=\"article:modified_time\" content=\"2019-04-26T17:49:27+00:00\" \/>\n<meta property=\"og:image\" content=\"https:\/\/dev.ursa.marketing\/wp-content\/uploads\/2018\/08\/URSA_fb_img.jpg\" \/>\n\t<meta property=\"og:image:width\" content=\"1200\" \/>\n\t<meta property=\"og:image:height\" content=\"627\" \/>\n\t<meta property=\"og:image:type\" content=\"image\/jpeg\" \/>\n<meta name=\"twitter:card\" content=\"summary\" \/>\n<meta name=\"twitter:label1\" content=\"Est. reading time\" \/>\n\t<meta name=\"twitter:data1\" content=\"1 minute\" \/>\n<script type=\"application\/ld+json\" class=\"yoast-schema-graph\">{\"@context\":\"https:\/\/schema.org\",\"@graph\":[{\"@type\":\"Organization\",\"@id\":\"https:\/\/dev.ursa.marketing\/fr\/#organization\",\"name\":\"Ursa Marketing\",\"url\":\"https:\/\/dev.ursa.marketing\/fr\/\",\"sameAs\":[\"https:\/\/www.facebook.com\/UrsaNumerique\/\",\"https:\/\/www.linkedin.com\/company\/ursa-marketing\/\"],\"logo\":{\"@type\":\"ImageObject\",\"@id\":\"https:\/\/dev.ursa.marketing\/fr\/#logo\",\"inLanguage\":\"fr-FR\",\"url\":\"https:\/\/dev.ursa.marketing\/wp-content\/uploads\/2018\/08\/URSA_fb_img.jpg\",\"contentUrl\":\"https:\/\/dev.ursa.marketing\/wp-content\/uploads\/2018\/08\/URSA_fb_img.jpg\",\"width\":1200,\"height\":627,\"caption\":\"Ursa Marketing\"},\"image\":{\"@id\":\"https:\/\/dev.ursa.marketing\/fr\/#logo\"}},{\"@type\":\"WebSite\",\"@id\":\"https:\/\/dev.ursa.marketing\/fr\/#website\",\"url\":\"https:\/\/dev.ursa.marketing\/fr\/\",\"name\":\"Ursa Marketing\",\"description\":\"Votre Guide vers la r\\u00e9ussite num\\u00e9rique\",\"publisher\":{\"@id\":\"https:\/\/dev.ursa.marketing\/fr\/#organization\"},\"potentialAction\":[{\"@type\":\"SearchAction\",\"target\":{\"@type\":\"EntryPoint\",\"urlTemplate\":\"https:\/\/dev.ursa.marketing\/fr\/?s={search_term_string}\"},\"query-input\":\"required name=search_term_string\"}],\"inLanguage\":\"fr-FR\"},{\"@type\":\"WebPage\",\"@id\":\"https:\/\/dev.ursa.marketing\/fr\/tactique\/mesure-de-performance-et-tableaux-de-bords\/#webpage\",\"url\":\"https:\/\/dev.ursa.marketing\/fr\/tactique\/mesure-de-performance-et-tableaux-de-bords\/\",\"name\":\"Mesure de performance et tableaux de bord - Ursa Marketing\",\"isPartOf\":{\"@id\":\"https:\/\/dev.ursa.marketing\/fr\/#website\"},\"datePublished\":\"2017-10-25T15:08:54+00:00\",\"dateModified\":\"2019-04-26T17:49:27+00:00\",\"description\":\"La mesure de performance doit s'asseoir sur des faits provenant de sources d'information fiables telles que Google Analytics. Le tableau de bord permet de synth\\u00e9tiser un grand volume d'information g\\u00e9n\\u00e9r\\u00e9 par de multiples sources de donn\\u00e9es. Ce tableau de bord doit se composer d'indicateurs (KPI) repr\\u00e9sentatifs.\",\"breadcrumb\":{\"@id\":\"https:\/\/dev.ursa.marketing\/fr\/tactique\/mesure-de-performance-et-tableaux-de-bords\/#breadcrumb\"},\"inLanguage\":\"fr-FR\",\"potentialAction\":[{\"@type\":\"ReadAction\",\"target\":[\"https:\/\/dev.ursa.marketing\/fr\/tactique\/mesure-de-performance-et-tableaux-de-bords\/\"]}]},{\"@type\":\"BreadcrumbList\",\"@id\":\"https:\/\/dev.ursa.marketing\/fr\/tactique\/mesure-de-performance-et-tableaux-de-bords\/#breadcrumb\",\"itemListElement\":[{\"@type\":\"ListItem\",\"position\":1,\"name\":\"Home\",\"item\":\"https:\/\/dev.ursa.marketing\/fr\/\"},{\"@type\":\"ListItem\",\"position\":2,\"name\":\"Tactiques marketing num\\u00e9rique\",\"item\":\"https:\/\/dev.ursa.marketing\/fr\/tactique\/\"},{\"@type\":\"ListItem\",\"position\":3,\"name\":\"Mesure de performance et tableaux de bord\"}]}]}<\/script>\n<!-- \/ Yoast SEO plugin. -->","yoast_head_json":{"title":"Mesure de performance et tableaux de bord - Ursa Marketing","description":"La mesure de performance doit s'asseoir sur des faits provenant de sources d'information fiables telles que Google Analytics. Le tableau de bord permet de synth\u00e9tiser un grand volume d'information g\u00e9n\u00e9r\u00e9 par de multiples sources de donn\u00e9es. Ce tableau de bord doit se composer d'indicateurs (KPI) repr\u00e9sentatifs.","robots":{"index":"noindex","follow":"follow","max-snippet":"max-snippet:-1","max-image-preview":"max-image-preview:large","max-video-preview":"max-video-preview:-1"},"og_locale":"fr_FR","og_type":"article","og_title":"Mesure de performance et tableaux de bord - Ursa Marketing","og_description":"La mesure de performance doit s'asseoir sur des faits provenant de sources d'information fiables telles que Google Analytics. Le tableau de bord permet de synth\u00e9tiser un grand volume d'information g\u00e9n\u00e9r\u00e9 par de multiples sources de donn\u00e9es. Ce tableau de bord doit se composer d'indicateurs (KPI) repr\u00e9sentatifs.","og_url":"https:\/\/dev.ursa.marketing\/fr\/tactique\/mesure-de-performance-et-tableaux-de-bords\/","og_site_name":"Ursa Marketing","article_publisher":"https:\/\/www.facebook.com\/UrsaNumerique\/","article_modified_time":"2019-04-26T17:49:27+00:00","og_image":[{"width":1200,"height":627,"url":"https:\/\/dev.ursa.marketing\/wp-content\/uploads\/2018\/08\/URSA_fb_img.jpg","type":"image\/jpeg"}],"twitter_card":"summary","twitter_misc":{"Est. reading time":"1 minute"},"schema":{"@context":"https:\/\/schema.org","@graph":[{"@type":"Organization","@id":"https:\/\/dev.ursa.marketing\/fr\/#organization","name":"Ursa Marketing","url":"https:\/\/dev.ursa.marketing\/fr\/","sameAs":["https:\/\/www.facebook.com\/UrsaNumerique\/","https:\/\/www.linkedin.com\/company\/ursa-marketing\/"],"logo":{"@type":"ImageObject","@id":"https:\/\/dev.ursa.marketing\/fr\/#logo","inLanguage":"fr-FR","url":"https:\/\/dev.ursa.marketing\/wp-content\/uploads\/2018\/08\/URSA_fb_img.jpg","contentUrl":"https:\/\/dev.ursa.marketing\/wp-content\/uploads\/2018\/08\/URSA_fb_img.jpg","width":1200,"height":627,"caption":"Ursa Marketing"},"image":{"@id":"https:\/\/dev.ursa.marketing\/fr\/#logo"}},{"@type":"WebSite","@id":"https:\/\/dev.ursa.marketing\/fr\/#website","url":"https:\/\/dev.ursa.marketing\/fr\/","name":"Ursa Marketing","description":"Votre Guide vers la r\u00e9ussite num\u00e9rique","publisher":{"@id":"https:\/\/dev.ursa.marketing\/fr\/#organization"},"potentialAction":[{"@type":"SearchAction","target":{"@type":"EntryPoint","urlTemplate":"https:\/\/dev.ursa.marketing\/fr\/?s={search_term_string}"},"query-input":"required name=search_term_string"}],"inLanguage":"fr-FR"},{"@type":"WebPage","@id":"https:\/\/dev.ursa.marketing\/fr\/tactique\/mesure-de-performance-et-tableaux-de-bords\/#webpage","url":"https:\/\/dev.ursa.marketing\/fr\/tactique\/mesure-de-performance-et-tableaux-de-bords\/","name":"Mesure de performance et tableaux de bord - Ursa Marketing","isPartOf":{"@id":"https:\/\/dev.ursa.marketing\/fr\/#website"},"datePublished":"2017-10-25T15:08:54+00:00","dateModified":"2019-04-26T17:49:27+00:00","description":"La mesure de performance doit s'asseoir sur des faits provenant de sources d'information fiables telles que Google Analytics. Le tableau de bord permet de synth\u00e9tiser un grand volume d'information g\u00e9n\u00e9r\u00e9 par de multiples sources de donn\u00e9es. Ce tableau de bord doit se composer d'indicateurs (KPI) repr\u00e9sentatifs.","breadcrumb":{"@id":"https:\/\/dev.ursa.marketing\/fr\/tactique\/mesure-de-performance-et-tableaux-de-bords\/#breadcrumb"},"inLanguage":"fr-FR","potentialAction":[{"@type":"ReadAction","target":["https:\/\/dev.ursa.marketing\/fr\/tactique\/mesure-de-performance-et-tableaux-de-bords\/"]}]},{"@type":"BreadcrumbList","@id":"https:\/\/dev.ursa.marketing\/fr\/tactique\/mesure-de-performance-et-tableaux-de-bords\/#breadcrumb","itemListElement":[{"@type":"ListItem","position":1,"name":"Home","item":"https:\/\/dev.ursa.marketing\/fr\/"},{"@type":"ListItem","position":2,"name":"Tactiques marketing num\u00e9rique","item":"https:\/\/dev.ursa.marketing\/fr\/tactique\/"},{"@type":"ListItem","position":3,"name":"Mesure de performance et tableaux de bord"}]}]}},"_links":{"self":[{"href":"https:\/\/dev.ursa.marketing\/fr\/wp-json\/wp\/v2\/pages\/18"}],"collection":[{"href":"https:\/\/dev.ursa.marketing\/fr\/wp-json\/wp\/v2\/pages"}],"about":[{"href":"https:\/\/dev.ursa.marketing\/fr\/wp-json\/wp\/v2\/types\/page"}],"author":[{"embeddable":true,"href":"https:\/\/dev.ursa.marketing\/fr\/wp-json\/wp\/v2\/users\/1"}],"replies":[{"embeddable":true,"href":"https:\/\/dev.ursa.marketing\/fr\/wp-json\/wp\/v2\/comments?post=18"}],"version-history":[{"count":20,"href":"https:\/\/dev.ursa.marketing\/fr\/wp-json\/wp\/v2\/pages\/18\/revisions"}],"predecessor-version":[{"id":963,"href":"https:\/\/dev.ursa.marketing\/fr\/wp-json\/wp\/v2\/pages\/18\/revisions\/963"}],"up":[{"embeddable":true,"href":"https:\/\/dev.ursa.marketing\/fr\/wp-json\/wp\/v2\/pages\/9"}],"wp:attachment":[{"href":"https:\/\/dev.ursa.marketing\/fr\/wp-json\/wp\/v2\/media?parent=18"}],"curies":[{"name":"wp","href":"https:\/\/api.w.org\/{rel}","templated":true}]}}