{"id":21,"date":"2017-10-25T15:09:54","date_gmt":"2017-10-25T15:09:54","guid":{"rendered":"http:\/\/epic.domingue.ca\/?page_id=21"},"modified":"2019-04-26T17:52:44","modified_gmt":"2019-04-26T17:52:44","slug":"google-adwords","status":"publish","type":"page","link":"https:\/\/dev.ursa.marketing\/fr\/tactique\/publicite-numerique\/google-adwords\/","title":{"rendered":"Publicit\u00e9 Google Ads"},"content":{"rendered":"<p>Google Ads est une plateforme tr\u00e8s puissante et tr\u00e8s sophistiqu\u00e9e qui diffuse vos messages publicitaires. L&rsquo;offre de Google est tr\u00e8s vaste et tr\u00e8s efficace. Google Ads se compose de plusieurs r\u00e9seaux diff\u00e9rents qui \u00e9voluent constamment.\u00a0 Cette plateforme vous permet de cibler ses utilisateurs \u00e0 diff\u00e9rentes \u00e9tapes de leur processus d\u00e9cisionnel.<br \/>\n<br \/><\/p>\n<hr \/>\n<br \/>\n<h2>Google Ads &#8211; r\u00e9seau de recherche<\/h2>\n<p>Avec une campagne dans le <em>Search Network<\/em>, vous pouvez afficher votre publicit\u00e9 en fonction des informations recherch\u00e9es sur cette plateforme. Une annonce texte est affich\u00e9e aux utilisateurs recherchant de l&rsquo;information correspondant \u00e0 votre offre de service. La plateforme de Google permet de cibler des mots cl\u00e9s recherch\u00e9s et d&rsquo;y associer un message publicitaire.<\/p>\n<p>Plac\u00e9es avant et apr\u00e8s les r\u00e9sultats de recherche, ces annonces textes permettent d&rsquo;attirer l&rsquo;attention de vos clients potentiels. M\u00eame si ces messages publicitaires comportent une mention \u00ab\u00a0Annonce\u00a0\u00bb, celles-ci ressemblent beaucoup \u00e0 un r\u00e9sultat de recherche standard et sont tr\u00e8s efficaces pour attirer des gens sur votre site web.<br \/>\n<br \/><\/p>\n<hr \/>\n<br \/>\n<h2>Google Ads &#8211; r\u00e9seau <em>display<\/em><\/h2>\n<p>Gr\u00e2ce \u00e0 une campagne dans le <em>Display Network<\/em>, vous pouvez afficher votre banni\u00e8re publicitaire sur plus de 2 millions de sites diff\u00e9rents. Il est possible de cibler les gens selon leur profil d\u00e9mographique, leurs int\u00e9r\u00eats et leur comportement. Tous ces crit\u00e8res de ciblage peuvent \u00eatre utilis\u00e9s ensemble pour que votre publicit\u00e9 soit affich\u00e9e \u00e0 la bonne personne, au bon moment.<\/p>\n<p>Les crit\u00e8res d\u00e9mographiques permettent de cibler les gens selon leur \u00e2ge, leur sexe ou leur emplacement g\u00e9ographique. Les crit\u00e8res li\u00e9s aux int\u00e9r\u00eats sont d\u00e9termin\u00e9s selon les sites qui sont visit\u00e9s par l&rsquo;utilisateur et ses recherches effectu\u00e9es dans le pass\u00e9 en utilisant Google.<\/p>\n<p>Google Ads vous permet aussi de cibler les gens selon leur comportement. De cette mani\u00e8re vous pouvez afficher une publicit\u00e9 diff\u00e9rente \u00e0 quelqu&rsquo;un qui aurait visit\u00e9 votre site web. De mani\u00e8re similaire, vous pouvez afficher une publicit\u00e9 pour un produit sp\u00e9cifique \u00e0 quelqu&rsquo;un qui aurait r\u00e9cemment consult\u00e9 ce produit sur votre site web.<br \/>\n<br \/><\/p>\n<hr \/>\n<br \/>\n<h2>Google Ads &#8211; Publicit\u00e9 Youtube<\/h2>\n<p>YouTube se classe au deuxi\u00e8me rang des sites web les plus populaires de l&rsquo;internet. Avec plus d&rsquo;un milliard d&rsquo;utilisateurs qui \u00e9coutent plus d&rsquo;un milliard d&rsquo;heures de vid\u00e9os tous les jours, la plateforme vid\u00e9o est un excellent endroit pour diffuser votre contenu. Les outils publicitaires de YouTube sont int\u00e9gr\u00e9s \u00e0 la plateforme Google Ads. Ainsi, vous pouvez utiliser des crit\u00e8res de ciblage similaires \u00e0 ceux du r\u00e9seau display pour afficher votre publicit\u00e9 \u00e0 la bonne audience.<\/p>\n<p>Les formats de publicit\u00e9 de YouTube sont diversifi\u00e9s et conviennent \u00e0 plusieurs types de campagnes num\u00e9riques diff\u00e9rentes.<br \/>\n<br \/><\/p>\n<hr \/>\n<br \/>\n<h2>Combien co\u00fbte une campagne Ads?<\/h2>\n<p>Google Ads fonctionne sous forme d&rsquo;ench\u00e8res. Le co\u00fbt li\u00e9 \u00e0 une publicit\u00e9 d\u00e9pend donc de l&rsquo;offre et de la demande. Plus la comp\u00e9tition est pr\u00e9sente dans un domaine, plus le co\u00fbt li\u00e9 \u00e0 la publicit\u00e9 est \u00e9lev\u00e9. Dans le r\u00e9seau de recherche, les ench\u00e8res se basent sur un co\u00fbt par clic (CPC). Vous fixez le co\u00fbt maximum que vous \u00eates pr\u00eat \u00e0 payer pour recevoir un clic sur votre annonce. C&rsquo;est ce co\u00fbt par clic qui \u00e9tablit quelles publicit\u00e9s sont affich\u00e9es. Plus votre mise pour CPC est \u00e9lev\u00e9e, plus votre annonce a des chances de s&rsquo;afficher en premi\u00e8re position. Avec ce type de campagne, vous payez seulement quand l&rsquo;utilisateur clique votre annonce. Aucun frais ne s&rsquo;applique avant qu&rsquo;un visiteur clique sur votre publicit\u00e9.<\/p>\n<p>Dans le r\u00e9seau de recherche, les co\u00fbts d&rsquo;un clic varient \u00e9norm\u00e9ment selon les domaines. Dans certains domaines plus sp\u00e9cialis\u00e9s o\u00f9 il y a peu de comp\u00e9tition, vous pouvez obtenir des CPC de 0,50$. \u00c0 l&rsquo;inverse, pour des domaines o\u00f9 les gens prennent action rapidement et o\u00f9 il y a beaucoup de comp\u00e9tition, vous pouvez vous attendre \u00e0 payer jusqu&rsquo;\u00e0 plusieurs dizaines de dollars pour un seul clic. De mani\u00e8re g\u00e9n\u00e9rale, vous pouvez souvent vous en sortir avec un co\u00fbt par clic entre 1$ et 2.$<\/p>\n<p>Dans le r\u00e9seau d&rsquo;affichage (<em>display network<\/em>), vous pouvez aussi choisir de miser sur un co\u00fbt par millier d&rsquo;impressions (CPM). Avec ce type de campagne, vous misez plut\u00f4t sur un type de profil. Google Ads comporte une panoplie de crit\u00e8res de ciblage. Plus on est pr\u00e9cis dans notre ciblage, plus le co\u00fbt par millier d&rsquo;impressions est \u00e9lev\u00e9. Par exemple, si vous voulez afficher une publicit\u00e9 \u00e0 1000 c\u00e9libataires parmi n&rsquo;importe quel c\u00e9libataire au Canada, le co\u00fbt sera plus bas que si vous vouliez cibler seulement les personnes c\u00e9libataires au Canada qui aiment les produits naturels. En fonction des crit\u00e8res choisis, il faut s&rsquo;attendre \u00e0 payer entre 2$ et 5$ par millier d&rsquo;impressions sur le r\u00e9seau d&rsquo;affichage de Google Ads.<br \/>\n<br \/><\/p>\n<hr \/>\n<br \/>\n<p class=\"p1\"><a href=\"https:\/\/dev.ursa.marketing\/fr\/contact\/\">Contactez-nous<\/a>, notre \u00e9quipe peut vous aider \u00e0 mettre sur place, optimiser et rentabiliser une campagne Google Ads.<\/p>\n","protected":false},"excerpt":{"rendered":"<p>Google Ads est une plateforme tr\u00e8s puissante et tr\u00e8s sophistiqu\u00e9e qui diffuse vos messages publicitaires. L&rsquo;offre de Google est tr\u00e8s &hellip; <br \/><a href=\"https:\/\/dev.ursa.marketing\/fr\/tactique\/publicite-numerique\/google-adwords\/\">Lire la suite<\/a><\/p>\n","protected":false},"author":1,"featured_media":0,"parent":11,"menu_order":0,"comment_status":"closed","ping_status":"closed","template":"template-service-first.php","meta":[],"yoast_head":"<!-- This site is optimized with the Yoast SEO plugin v17.9 - https:\/\/yoast.com\/wordpress\/plugins\/seo\/ -->\n<title>Publicit\u00e9 Google Ads - Ursa Marketing<\/title>\n<meta name=\"description\" content=\"Des milliers de personnes vous recherchent sans vous trouvez. Google Ads peut changer cette situation. L&#039;offre de Google est tr\u00e8s vaste et sa plateforme tr\u00e8s efficace. Google Ads se compose de plusieurs r\u00e9seaux diff\u00e9rents pour vous permettre de cibler des gens \u00e0 diff\u00e9rentes \u00e9tapes de leur processus d&#039;achat.\" \/>\n<meta name=\"robots\" content=\"noindex, follow, max-snippet:-1, max-image-preview:large, max-video-preview:-1\" \/>\n<meta property=\"og:locale\" content=\"fr_FR\" \/>\n<meta property=\"og:type\" content=\"article\" \/>\n<meta property=\"og:title\" content=\"Publicit\u00e9 Google Ads - Ursa Marketing\" \/>\n<meta property=\"og:description\" content=\"Des milliers de personnes vous recherchent sans vous trouvez. Google Ads peut changer cette situation. L&#039;offre de Google est tr\u00e8s vaste et sa plateforme tr\u00e8s efficace. Google Ads se compose de plusieurs r\u00e9seaux diff\u00e9rents pour vous permettre de cibler des gens \u00e0 diff\u00e9rentes \u00e9tapes de leur processus d&#039;achat.\" \/>\n<meta property=\"og:url\" content=\"https:\/\/dev.ursa.marketing\/fr\/tactique\/publicite-numerique\/google-adwords\/\" \/>\n<meta property=\"og:site_name\" content=\"Ursa Marketing\" \/>\n<meta property=\"article:publisher\" content=\"https:\/\/www.facebook.com\/UrsaNumerique\/\" \/>\n<meta property=\"article:modified_time\" content=\"2019-04-26T17:52:44+00:00\" \/>\n<meta property=\"og:image\" content=\"https:\/\/dev.ursa.marketing\/wp-content\/uploads\/2018\/08\/URSA_fb_img.jpg\" \/>\n\t<meta property=\"og:image:width\" content=\"1200\" \/>\n\t<meta property=\"og:image:height\" content=\"627\" \/>\n\t<meta property=\"og:image:type\" content=\"image\/jpeg\" \/>\n<meta name=\"twitter:card\" content=\"summary\" \/>\n<meta name=\"twitter:label1\" content=\"Est. reading time\" \/>\n\t<meta name=\"twitter:data1\" content=\"4 minutes\" \/>\n<script type=\"application\/ld+json\" class=\"yoast-schema-graph\">{\"@context\":\"https:\/\/schema.org\",\"@graph\":[{\"@type\":\"Organization\",\"@id\":\"https:\/\/dev.ursa.marketing\/fr\/#organization\",\"name\":\"Ursa Marketing\",\"url\":\"https:\/\/dev.ursa.marketing\/fr\/\",\"sameAs\":[\"https:\/\/www.facebook.com\/UrsaNumerique\/\",\"https:\/\/www.linkedin.com\/company\/ursa-marketing\/\"],\"logo\":{\"@type\":\"ImageObject\",\"@id\":\"https:\/\/dev.ursa.marketing\/fr\/#logo\",\"inLanguage\":\"fr-FR\",\"url\":\"https:\/\/dev.ursa.marketing\/wp-content\/uploads\/2018\/08\/URSA_fb_img.jpg\",\"contentUrl\":\"https:\/\/dev.ursa.marketing\/wp-content\/uploads\/2018\/08\/URSA_fb_img.jpg\",\"width\":1200,\"height\":627,\"caption\":\"Ursa Marketing\"},\"image\":{\"@id\":\"https:\/\/dev.ursa.marketing\/fr\/#logo\"}},{\"@type\":\"WebSite\",\"@id\":\"https:\/\/dev.ursa.marketing\/fr\/#website\",\"url\":\"https:\/\/dev.ursa.marketing\/fr\/\",\"name\":\"Ursa Marketing\",\"description\":\"Votre Guide vers la r\\u00e9ussite num\\u00e9rique\",\"publisher\":{\"@id\":\"https:\/\/dev.ursa.marketing\/fr\/#organization\"},\"potentialAction\":[{\"@type\":\"SearchAction\",\"target\":{\"@type\":\"EntryPoint\",\"urlTemplate\":\"https:\/\/dev.ursa.marketing\/fr\/?s={search_term_string}\"},\"query-input\":\"required name=search_term_string\"}],\"inLanguage\":\"fr-FR\"},{\"@type\":\"WebPage\",\"@id\":\"https:\/\/dev.ursa.marketing\/fr\/tactique\/publicite-numerique\/google-adwords\/#webpage\",\"url\":\"https:\/\/dev.ursa.marketing\/fr\/tactique\/publicite-numerique\/google-adwords\/\",\"name\":\"Publicit\\u00e9 Google Ads - Ursa Marketing\",\"isPartOf\":{\"@id\":\"https:\/\/dev.ursa.marketing\/fr\/#website\"},\"datePublished\":\"2017-10-25T15:09:54+00:00\",\"dateModified\":\"2019-04-26T17:52:44+00:00\",\"description\":\"Des milliers de personnes vous recherchent sans vous trouvez. Google Ads peut changer cette situation. L'offre de Google est tr\\u00e8s vaste et sa plateforme tr\\u00e8s efficace. Google Ads se compose de plusieurs r\\u00e9seaux diff\\u00e9rents pour vous permettre de cibler des gens \\u00e0 diff\\u00e9rentes \\u00e9tapes de leur processus d'achat.\",\"breadcrumb\":{\"@id\":\"https:\/\/dev.ursa.marketing\/fr\/tactique\/publicite-numerique\/google-adwords\/#breadcrumb\"},\"inLanguage\":\"fr-FR\",\"potentialAction\":[{\"@type\":\"ReadAction\",\"target\":[\"https:\/\/dev.ursa.marketing\/fr\/tactique\/publicite-numerique\/google-adwords\/\"]}]},{\"@type\":\"BreadcrumbList\",\"@id\":\"https:\/\/dev.ursa.marketing\/fr\/tactique\/publicite-numerique\/google-adwords\/#breadcrumb\",\"itemListElement\":[{\"@type\":\"ListItem\",\"position\":1,\"name\":\"Home\",\"item\":\"https:\/\/dev.ursa.marketing\/fr\/\"},{\"@type\":\"ListItem\",\"position\":2,\"name\":\"Tactiques marketing num\\u00e9rique\",\"item\":\"https:\/\/dev.ursa.marketing\/fr\/tactique\/\"},{\"@type\":\"ListItem\",\"position\":3,\"name\":\"Publicit\\u00e9 num\\u00e9rique\",\"item\":\"https:\/\/dev.ursa.marketing\/fr\/tactique\/publicite-numerique\/\"},{\"@type\":\"ListItem\",\"position\":4,\"name\":\"Publicit\\u00e9 Google Ads\"}]}]}<\/script>\n<!-- \/ Yoast SEO plugin. -->","yoast_head_json":{"title":"Publicit\u00e9 Google Ads - Ursa Marketing","description":"Des milliers de personnes vous recherchent sans vous trouvez. Google Ads peut changer cette situation. L'offre de Google est tr\u00e8s vaste et sa plateforme tr\u00e8s efficace. Google Ads se compose de plusieurs r\u00e9seaux diff\u00e9rents pour vous permettre de cibler des gens \u00e0 diff\u00e9rentes \u00e9tapes de leur processus d'achat.","robots":{"index":"noindex","follow":"follow","max-snippet":"max-snippet:-1","max-image-preview":"max-image-preview:large","max-video-preview":"max-video-preview:-1"},"og_locale":"fr_FR","og_type":"article","og_title":"Publicit\u00e9 Google Ads - Ursa Marketing","og_description":"Des milliers de personnes vous recherchent sans vous trouvez. Google Ads peut changer cette situation. L'offre de Google est tr\u00e8s vaste et sa plateforme tr\u00e8s efficace. Google Ads se compose de plusieurs r\u00e9seaux diff\u00e9rents pour vous permettre de cibler des gens \u00e0 diff\u00e9rentes \u00e9tapes de leur processus d'achat.","og_url":"https:\/\/dev.ursa.marketing\/fr\/tactique\/publicite-numerique\/google-adwords\/","og_site_name":"Ursa Marketing","article_publisher":"https:\/\/www.facebook.com\/UrsaNumerique\/","article_modified_time":"2019-04-26T17:52:44+00:00","og_image":[{"width":1200,"height":627,"url":"https:\/\/dev.ursa.marketing\/wp-content\/uploads\/2018\/08\/URSA_fb_img.jpg","type":"image\/jpeg"}],"twitter_card":"summary","twitter_misc":{"Est. reading time":"4 minutes"},"schema":{"@context":"https:\/\/schema.org","@graph":[{"@type":"Organization","@id":"https:\/\/dev.ursa.marketing\/fr\/#organization","name":"Ursa Marketing","url":"https:\/\/dev.ursa.marketing\/fr\/","sameAs":["https:\/\/www.facebook.com\/UrsaNumerique\/","https:\/\/www.linkedin.com\/company\/ursa-marketing\/"],"logo":{"@type":"ImageObject","@id":"https:\/\/dev.ursa.marketing\/fr\/#logo","inLanguage":"fr-FR","url":"https:\/\/dev.ursa.marketing\/wp-content\/uploads\/2018\/08\/URSA_fb_img.jpg","contentUrl":"https:\/\/dev.ursa.marketing\/wp-content\/uploads\/2018\/08\/URSA_fb_img.jpg","width":1200,"height":627,"caption":"Ursa Marketing"},"image":{"@id":"https:\/\/dev.ursa.marketing\/fr\/#logo"}},{"@type":"WebSite","@id":"https:\/\/dev.ursa.marketing\/fr\/#website","url":"https:\/\/dev.ursa.marketing\/fr\/","name":"Ursa Marketing","description":"Votre Guide vers la r\u00e9ussite num\u00e9rique","publisher":{"@id":"https:\/\/dev.ursa.marketing\/fr\/#organization"},"potentialAction":[{"@type":"SearchAction","target":{"@type":"EntryPoint","urlTemplate":"https:\/\/dev.ursa.marketing\/fr\/?s={search_term_string}"},"query-input":"required name=search_term_string"}],"inLanguage":"fr-FR"},{"@type":"WebPage","@id":"https:\/\/dev.ursa.marketing\/fr\/tactique\/publicite-numerique\/google-adwords\/#webpage","url":"https:\/\/dev.ursa.marketing\/fr\/tactique\/publicite-numerique\/google-adwords\/","name":"Publicit\u00e9 Google Ads - Ursa Marketing","isPartOf":{"@id":"https:\/\/dev.ursa.marketing\/fr\/#website"},"datePublished":"2017-10-25T15:09:54+00:00","dateModified":"2019-04-26T17:52:44+00:00","description":"Des milliers de personnes vous recherchent sans vous trouvez. Google Ads peut changer cette situation. L'offre de Google est tr\u00e8s vaste et sa plateforme tr\u00e8s efficace. Google Ads se compose de plusieurs r\u00e9seaux diff\u00e9rents pour vous permettre de cibler des gens \u00e0 diff\u00e9rentes \u00e9tapes de leur processus d'achat.","breadcrumb":{"@id":"https:\/\/dev.ursa.marketing\/fr\/tactique\/publicite-numerique\/google-adwords\/#breadcrumb"},"inLanguage":"fr-FR","potentialAction":[{"@type":"ReadAction","target":["https:\/\/dev.ursa.marketing\/fr\/tactique\/publicite-numerique\/google-adwords\/"]}]},{"@type":"BreadcrumbList","@id":"https:\/\/dev.ursa.marketing\/fr\/tactique\/publicite-numerique\/google-adwords\/#breadcrumb","itemListElement":[{"@type":"ListItem","position":1,"name":"Home","item":"https:\/\/dev.ursa.marketing\/fr\/"},{"@type":"ListItem","position":2,"name":"Tactiques marketing num\u00e9rique","item":"https:\/\/dev.ursa.marketing\/fr\/tactique\/"},{"@type":"ListItem","position":3,"name":"Publicit\u00e9 num\u00e9rique","item":"https:\/\/dev.ursa.marketing\/fr\/tactique\/publicite-numerique\/"},{"@type":"ListItem","position":4,"name":"Publicit\u00e9 Google Ads"}]}]}},"_links":{"self":[{"href":"https:\/\/dev.ursa.marketing\/fr\/wp-json\/wp\/v2\/pages\/21"}],"collection":[{"href":"https:\/\/dev.ursa.marketing\/fr\/wp-json\/wp\/v2\/pages"}],"about":[{"href":"https:\/\/dev.ursa.marketing\/fr\/wp-json\/wp\/v2\/types\/page"}],"author":[{"embeddable":true,"href":"https:\/\/dev.ursa.marketing\/fr\/wp-json\/wp\/v2\/users\/1"}],"replies":[{"embeddable":true,"href":"https:\/\/dev.ursa.marketing\/fr\/wp-json\/wp\/v2\/comments?post=21"}],"version-history":[{"count":41,"href":"https:\/\/dev.ursa.marketing\/fr\/wp-json\/wp\/v2\/pages\/21\/revisions"}],"predecessor-version":[{"id":966,"href":"https:\/\/dev.ursa.marketing\/fr\/wp-json\/wp\/v2\/pages\/21\/revisions\/966"}],"up":[{"embeddable":true,"href":"https:\/\/dev.ursa.marketing\/fr\/wp-json\/wp\/v2\/pages\/11"}],"wp:attachment":[{"href":"https:\/\/dev.ursa.marketing\/fr\/wp-json\/wp\/v2\/media?parent=21"}],"curies":[{"name":"wp","href":"https:\/\/api.w.org\/{rel}","templated":true}]}}