{"id":23,"date":"2017-10-25T15:10:14","date_gmt":"2017-10-25T15:10:14","guid":{"rendered":"http:\/\/epic.domingue.ca\/?page_id=23"},"modified":"2018-02-12T00:32:21","modified_gmt":"2018-02-12T00:32:21","slug":"publicite-facebook","status":"publish","type":"page","link":"https:\/\/dev.ursa.marketing\/fr\/tactique\/publicite-numerique\/publicite-facebook\/","title":{"rendered":"Publicit\u00e9 Facebook"},"content":{"rendered":"<h2>Publicit\u00e9 sur Facebook Efficace<\/h2>\n<p>Pour qu&rsquo;une publicit\u00e9 sur Facebook soit efficace, il faut joindre la bonne audience avec le bon message. Il faut garder en t\u00eate le contexte dans lequel votre message est re\u00e7u.\u00a0 Vous devez capter rapidement l&rsquo;attention de l&rsquo;utilisateur. Il doit cesser de faire d\u00e9filer son fil de nouvelle et \u00eatre attir\u00e9 par votre publication.<\/p>\n<p>Pour attirer rapidement l&rsquo;attention de l&rsquo;utilisateur, Facebook offre plusieurs formats de publicit\u00e9. Chaque format comporte ses particularit\u00e9s. Par exemple, pour maximiser vos chances de r\u00e9ussite avec une publicit\u00e9 Facebook vid\u00e9o, il est recommand\u00e9 de sous-titrer votre vid\u00e9o. Facebook est majoritairement consult\u00e9 \u00e0 partir d&rsquo;un t\u00e9l\u00e9phone intelligent, souvent en mode silencieux. Les sous-titres vous permettent ainsi de joindre plus de clients.<\/p>\n<p>Si vous optez pour le format de publicit\u00e9 image, \u00e9vitez d&rsquo;y superposer un message texte afin de vous conformer aux normes publicitaires.\u00a0 Votre offre doit \u00eatre expliqu\u00e9e dans la portion texte de la publication, plut\u00f4t que dans l&rsquo;image!<br \/>\n<br \/><\/p>\n<hr \/>\n<br \/>\n<h2>Combien co\u00fbte la publicit\u00e9 sur Facebook\u00a0?<\/h2>\n<p>La publicit\u00e9 sur Facebook fonctionne sous forme d&rsquo;ench\u00e8res. Plus vos crit\u00e8res de ciblage sont pr\u00e9cis, plus les ench\u00e8res sont hautes. Pour diffuser votre message \u00e0 co\u00fbt moindre, vous pouvez parfois envisager d&rsquo;utiliser des crit\u00e8res plus g\u00e9n\u00e9raux.<\/p>\n<p>Par exemple, il est assez dispendieux de cibler les utilisateurs Facebook d&rsquo;une r\u00e9gion sp\u00e9cifique ayant d\u00e9j\u00e0 visit\u00e9 votre site web. \u00c0 l&rsquo;inverse, diffuser une publicit\u00e9 sans ciblage sur une grande population co\u00fbte beaucoup moins cher.<\/p>\n<p>De mani\u00e8re g\u00e9n\u00e9rale, la publicit\u00e9 Facebook est l&rsquo;un des moyens les plus abordables d&rsquo;afficher votre message \u00e0 une audience cibl\u00e9e.<\/p>\n<p><a href=\"https:\/\/dev.ursa.marketing\/fr\/contact\/\">Contactez-nous<\/a> aujourd&rsquo;hui pour que notre \u00e9quipe puisse vous aider \u00e0 mettre en place une campagne de publicit\u00e9 Facebook efficace.<\/p>\n","protected":false},"excerpt":{"rendered":"<p>Publicit\u00e9 sur Facebook Efficace Pour qu&rsquo;une publicit\u00e9 sur Facebook soit efficace, il faut joindre la bonne audience avec le bon &hellip; <br \/><a href=\"https:\/\/dev.ursa.marketing\/fr\/tactique\/publicite-numerique\/publicite-facebook\/\">Lire la suite<\/a><\/p>\n","protected":false},"author":1,"featured_media":0,"parent":11,"menu_order":0,"comment_status":"closed","ping_status":"closed","template":"template-service-first.php","meta":[],"yoast_head":"<!-- This site is optimized with the Yoast SEO plugin v17.9 - https:\/\/yoast.com\/wordpress\/plugins\/seo\/ -->\n<title>Publicit\u00e9 Facebook - Ursa Marketing<\/title>\n<meta name=\"description\" content=\"Une publicit\u00e9 Facebook est un moyen efficace et abordable de communiquer avec votre client\u00e8le. Cette forme de publicit\u00e9 peut parfois \u00eatre l&#039;un des canaux de marketing privil\u00e9gi\u00e9s. Ursa Marketing peut \u00e9tablir votre strat\u00e9gie de marketing num\u00e9rique et mettre en place une campagne Facebook efficace.\" \/>\n<meta name=\"robots\" content=\"noindex, follow, max-snippet:-1, max-image-preview:large, max-video-preview:-1\" \/>\n<meta property=\"og:locale\" content=\"fr_FR\" \/>\n<meta property=\"og:type\" content=\"article\" \/>\n<meta property=\"og:title\" content=\"Publicit\u00e9 Facebook - Ursa Marketing\" \/>\n<meta property=\"og:description\" content=\"Une publicit\u00e9 Facebook est un moyen efficace et abordable de communiquer avec votre client\u00e8le. Cette forme de publicit\u00e9 peut parfois \u00eatre l&#039;un des canaux de marketing privil\u00e9gi\u00e9s. Ursa Marketing peut \u00e9tablir votre strat\u00e9gie de marketing num\u00e9rique et mettre en place une campagne Facebook efficace.\" \/>\n<meta property=\"og:url\" content=\"https:\/\/dev.ursa.marketing\/fr\/tactique\/publicite-numerique\/publicite-facebook\/\" \/>\n<meta property=\"og:site_name\" content=\"Ursa Marketing\" \/>\n<meta property=\"article:publisher\" content=\"https:\/\/www.facebook.com\/UrsaNumerique\/\" \/>\n<meta property=\"article:modified_time\" content=\"2018-02-12T00:32:21+00:00\" \/>\n<meta property=\"og:image\" content=\"https:\/\/dev.ursa.marketing\/wp-content\/uploads\/2018\/08\/URSA_fb_img.jpg\" \/>\n\t<meta property=\"og:image:width\" content=\"1200\" \/>\n\t<meta property=\"og:image:height\" content=\"627\" \/>\n\t<meta property=\"og:image:type\" content=\"image\/jpeg\" \/>\n<meta name=\"twitter:card\" content=\"summary\" \/>\n<meta name=\"twitter:label1\" content=\"Est. reading time\" \/>\n\t<meta name=\"twitter:data1\" content=\"1 minute\" \/>\n<script type=\"application\/ld+json\" class=\"yoast-schema-graph\">{\"@context\":\"https:\/\/schema.org\",\"@graph\":[{\"@type\":\"Organization\",\"@id\":\"https:\/\/dev.ursa.marketing\/fr\/#organization\",\"name\":\"Ursa Marketing\",\"url\":\"https:\/\/dev.ursa.marketing\/fr\/\",\"sameAs\":[\"https:\/\/www.facebook.com\/UrsaNumerique\/\",\"https:\/\/www.linkedin.com\/company\/ursa-marketing\/\"],\"logo\":{\"@type\":\"ImageObject\",\"@id\":\"https:\/\/dev.ursa.marketing\/fr\/#logo\",\"inLanguage\":\"fr-FR\",\"url\":\"https:\/\/dev.ursa.marketing\/wp-content\/uploads\/2018\/08\/URSA_fb_img.jpg\",\"contentUrl\":\"https:\/\/dev.ursa.marketing\/wp-content\/uploads\/2018\/08\/URSA_fb_img.jpg\",\"width\":1200,\"height\":627,\"caption\":\"Ursa Marketing\"},\"image\":{\"@id\":\"https:\/\/dev.ursa.marketing\/fr\/#logo\"}},{\"@type\":\"WebSite\",\"@id\":\"https:\/\/dev.ursa.marketing\/fr\/#website\",\"url\":\"https:\/\/dev.ursa.marketing\/fr\/\",\"name\":\"Ursa Marketing\",\"description\":\"Votre Guide vers la r\\u00e9ussite num\\u00e9rique\",\"publisher\":{\"@id\":\"https:\/\/dev.ursa.marketing\/fr\/#organization\"},\"potentialAction\":[{\"@type\":\"SearchAction\",\"target\":{\"@type\":\"EntryPoint\",\"urlTemplate\":\"https:\/\/dev.ursa.marketing\/fr\/?s={search_term_string}\"},\"query-input\":\"required name=search_term_string\"}],\"inLanguage\":\"fr-FR\"},{\"@type\":\"WebPage\",\"@id\":\"https:\/\/dev.ursa.marketing\/fr\/tactique\/publicite-numerique\/publicite-facebook\/#webpage\",\"url\":\"https:\/\/dev.ursa.marketing\/fr\/tactique\/publicite-numerique\/publicite-facebook\/\",\"name\":\"Publicit\\u00e9 Facebook - Ursa Marketing\",\"isPartOf\":{\"@id\":\"https:\/\/dev.ursa.marketing\/fr\/#website\"},\"datePublished\":\"2017-10-25T15:10:14+00:00\",\"dateModified\":\"2018-02-12T00:32:21+00:00\",\"description\":\"Une publicit\\u00e9 Facebook est un moyen efficace et abordable de communiquer avec votre client\\u00e8le. Cette forme de publicit\\u00e9 peut parfois \\u00eatre l'un des canaux de marketing privil\\u00e9gi\\u00e9s. Ursa Marketing peut \\u00e9tablir votre strat\\u00e9gie de marketing num\\u00e9rique et mettre en place une campagne Facebook efficace.\",\"breadcrumb\":{\"@id\":\"https:\/\/dev.ursa.marketing\/fr\/tactique\/publicite-numerique\/publicite-facebook\/#breadcrumb\"},\"inLanguage\":\"fr-FR\",\"potentialAction\":[{\"@type\":\"ReadAction\",\"target\":[\"https:\/\/dev.ursa.marketing\/fr\/tactique\/publicite-numerique\/publicite-facebook\/\"]}]},{\"@type\":\"BreadcrumbList\",\"@id\":\"https:\/\/dev.ursa.marketing\/fr\/tactique\/publicite-numerique\/publicite-facebook\/#breadcrumb\",\"itemListElement\":[{\"@type\":\"ListItem\",\"position\":1,\"name\":\"Home\",\"item\":\"https:\/\/dev.ursa.marketing\/fr\/\"},{\"@type\":\"ListItem\",\"position\":2,\"name\":\"Tactiques marketing num\\u00e9rique\",\"item\":\"https:\/\/dev.ursa.marketing\/fr\/tactique\/\"},{\"@type\":\"ListItem\",\"position\":3,\"name\":\"Publicit\\u00e9 num\\u00e9rique\",\"item\":\"https:\/\/dev.ursa.marketing\/fr\/tactique\/publicite-numerique\/\"},{\"@type\":\"ListItem\",\"position\":4,\"name\":\"Publicit\\u00e9 Facebook\"}]}]}<\/script>\n<!-- \/ Yoast SEO plugin. -->","yoast_head_json":{"title":"Publicit\u00e9 Facebook - Ursa Marketing","description":"Une publicit\u00e9 Facebook est un moyen efficace et abordable de communiquer avec votre client\u00e8le. Cette forme de publicit\u00e9 peut parfois \u00eatre l'un des canaux de marketing privil\u00e9gi\u00e9s. Ursa Marketing peut \u00e9tablir votre strat\u00e9gie de marketing num\u00e9rique et mettre en place une campagne Facebook efficace.","robots":{"index":"noindex","follow":"follow","max-snippet":"max-snippet:-1","max-image-preview":"max-image-preview:large","max-video-preview":"max-video-preview:-1"},"og_locale":"fr_FR","og_type":"article","og_title":"Publicit\u00e9 Facebook - Ursa Marketing","og_description":"Une publicit\u00e9 Facebook est un moyen efficace et abordable de communiquer avec votre client\u00e8le. Cette forme de publicit\u00e9 peut parfois \u00eatre l'un des canaux de marketing privil\u00e9gi\u00e9s. Ursa Marketing peut \u00e9tablir votre strat\u00e9gie de marketing num\u00e9rique et mettre en place une campagne Facebook efficace.","og_url":"https:\/\/dev.ursa.marketing\/fr\/tactique\/publicite-numerique\/publicite-facebook\/","og_site_name":"Ursa Marketing","article_publisher":"https:\/\/www.facebook.com\/UrsaNumerique\/","article_modified_time":"2018-02-12T00:32:21+00:00","og_image":[{"width":1200,"height":627,"url":"https:\/\/dev.ursa.marketing\/wp-content\/uploads\/2018\/08\/URSA_fb_img.jpg","type":"image\/jpeg"}],"twitter_card":"summary","twitter_misc":{"Est. reading time":"1 minute"},"schema":{"@context":"https:\/\/schema.org","@graph":[{"@type":"Organization","@id":"https:\/\/dev.ursa.marketing\/fr\/#organization","name":"Ursa Marketing","url":"https:\/\/dev.ursa.marketing\/fr\/","sameAs":["https:\/\/www.facebook.com\/UrsaNumerique\/","https:\/\/www.linkedin.com\/company\/ursa-marketing\/"],"logo":{"@type":"ImageObject","@id":"https:\/\/dev.ursa.marketing\/fr\/#logo","inLanguage":"fr-FR","url":"https:\/\/dev.ursa.marketing\/wp-content\/uploads\/2018\/08\/URSA_fb_img.jpg","contentUrl":"https:\/\/dev.ursa.marketing\/wp-content\/uploads\/2018\/08\/URSA_fb_img.jpg","width":1200,"height":627,"caption":"Ursa Marketing"},"image":{"@id":"https:\/\/dev.ursa.marketing\/fr\/#logo"}},{"@type":"WebSite","@id":"https:\/\/dev.ursa.marketing\/fr\/#website","url":"https:\/\/dev.ursa.marketing\/fr\/","name":"Ursa Marketing","description":"Votre Guide vers la r\u00e9ussite num\u00e9rique","publisher":{"@id":"https:\/\/dev.ursa.marketing\/fr\/#organization"},"potentialAction":[{"@type":"SearchAction","target":{"@type":"EntryPoint","urlTemplate":"https:\/\/dev.ursa.marketing\/fr\/?s={search_term_string}"},"query-input":"required name=search_term_string"}],"inLanguage":"fr-FR"},{"@type":"WebPage","@id":"https:\/\/dev.ursa.marketing\/fr\/tactique\/publicite-numerique\/publicite-facebook\/#webpage","url":"https:\/\/dev.ursa.marketing\/fr\/tactique\/publicite-numerique\/publicite-facebook\/","name":"Publicit\u00e9 Facebook - Ursa Marketing","isPartOf":{"@id":"https:\/\/dev.ursa.marketing\/fr\/#website"},"datePublished":"2017-10-25T15:10:14+00:00","dateModified":"2018-02-12T00:32:21+00:00","description":"Une publicit\u00e9 Facebook est un moyen efficace et abordable de communiquer avec votre client\u00e8le. Cette forme de publicit\u00e9 peut parfois \u00eatre l'un des canaux de marketing privil\u00e9gi\u00e9s. Ursa Marketing peut \u00e9tablir votre strat\u00e9gie de marketing num\u00e9rique et mettre en place une campagne Facebook efficace.","breadcrumb":{"@id":"https:\/\/dev.ursa.marketing\/fr\/tactique\/publicite-numerique\/publicite-facebook\/#breadcrumb"},"inLanguage":"fr-FR","potentialAction":[{"@type":"ReadAction","target":["https:\/\/dev.ursa.marketing\/fr\/tactique\/publicite-numerique\/publicite-facebook\/"]}]},{"@type":"BreadcrumbList","@id":"https:\/\/dev.ursa.marketing\/fr\/tactique\/publicite-numerique\/publicite-facebook\/#breadcrumb","itemListElement":[{"@type":"ListItem","position":1,"name":"Home","item":"https:\/\/dev.ursa.marketing\/fr\/"},{"@type":"ListItem","position":2,"name":"Tactiques marketing num\u00e9rique","item":"https:\/\/dev.ursa.marketing\/fr\/tactique\/"},{"@type":"ListItem","position":3,"name":"Publicit\u00e9 num\u00e9rique","item":"https:\/\/dev.ursa.marketing\/fr\/tactique\/publicite-numerique\/"},{"@type":"ListItem","position":4,"name":"Publicit\u00e9 Facebook"}]}]}},"_links":{"self":[{"href":"https:\/\/dev.ursa.marketing\/fr\/wp-json\/wp\/v2\/pages\/23"}],"collection":[{"href":"https:\/\/dev.ursa.marketing\/fr\/wp-json\/wp\/v2\/pages"}],"about":[{"href":"https:\/\/dev.ursa.marketing\/fr\/wp-json\/wp\/v2\/types\/page"}],"author":[{"embeddable":true,"href":"https:\/\/dev.ursa.marketing\/fr\/wp-json\/wp\/v2\/users\/1"}],"replies":[{"embeddable":true,"href":"https:\/\/dev.ursa.marketing\/fr\/wp-json\/wp\/v2\/comments?post=23"}],"version-history":[{"count":25,"href":"https:\/\/dev.ursa.marketing\/fr\/wp-json\/wp\/v2\/pages\/23\/revisions"}],"predecessor-version":[{"id":604,"href":"https:\/\/dev.ursa.marketing\/fr\/wp-json\/wp\/v2\/pages\/23\/revisions\/604"}],"up":[{"embeddable":true,"href":"https:\/\/dev.ursa.marketing\/fr\/wp-json\/wp\/v2\/pages\/11"}],"wp:attachment":[{"href":"https:\/\/dev.ursa.marketing\/fr\/wp-json\/wp\/v2\/media?parent=23"}],"curies":[{"name":"wp","href":"https:\/\/api.w.org\/{rel}","templated":true}]}}