{"id":30,"date":"2017-10-25T15:12:23","date_gmt":"2017-10-25T15:12:23","guid":{"rendered":"http:\/\/epic.domingue.ca\/?page_id=30"},"modified":"2019-04-26T15:25:18","modified_gmt":"2019-04-26T15:25:18","slug":"formation-publicite-numerique","status":"publish","type":"page","link":"https:\/\/dev.ursa.marketing\/fr\/tactique\/formation\/formation-publicite-numerique\/","title":{"rendered":"Formation publicit\u00e9 num\u00e9rique &#8211; Planification de campagnes"},"content":{"rendered":"<p><strong>Objectif:<\/strong><br \/>\nComprendre les possibilit\u00e9s offertes par la publicit\u00e9 num\u00e9rique pour mieux planifier un budget marketing.<\/p>\n<p><strong>Public cible:<\/strong><br \/>\nCette formation s\u2019adresse \u00e0 tous ceux qui aimeraient planifier ou g\u00e9rer des campagnes de publicit\u00e9 num\u00e9rique.<\/p>\n<p><strong>Description:<\/strong><\/p>\n<p>Les acheteurs passent de plus en plus de temps en ligne. M\u00eame assis devant une t\u00e9l\u00e9vision, ils ont souvent un t\u00e9l\u00e9phone ou une tablette entre les mains. La publicit\u00e9 num\u00e9rique est tr\u00e8s populaire puisqu\u2019elle permet de rejoindre les acheteurs l\u00e0 o\u00f9 ils sont.<\/p>\n<p>Les canaux de publicit\u00e9 num\u00e9rique se multiplient. Vous pouvez rejoindre les acheteurs gr\u00e2ce aux r\u00e9seaux des g\u00e9ants de l\u2019industrie comme Google, Facebook ou LinkedIn.\u00a0 Il vous est maintenant possible de cibler vos clients potentiels sur des sites web ou des m\u00e9dias sociaux.<\/p>\n<p>Les possibilit\u00e9s de campagne sont infinies! C\u2019est pourquoi il est essentiel de bien planifier vos efforts de marketing num\u00e9rique pour en retirer un maximum de b\u00e9n\u00e9fices.<\/p>\n<p>Cette formation couvre trois parties :<\/p>\n<br \/>\n<ol>\n<li>\n<h2>Survol de quelques plateformes num\u00e9riques<\/h2>\n<ul>\n<li>Google Ads<\/li>\n<li>Google Display Network &amp; remarketing<\/li>\n<li>Facebook &amp; remarketing<\/li>\n<li>Instagram<\/li>\n<li>LinkedIn<\/li>\n<li>Waze<\/li>\n<li>Snapchat<\/li>\n<\/ul>\n<\/li>\n<li>\n<h2>Planification<\/h2>\n<ul>\n<li>Cheminement de votre client<\/li>\n<li>\u00c9valuation des budgets de gestion et placement<\/li>\n<li>Gestion des attentes<\/li>\n<\/ul>\n<\/li>\n<li>\n<h2>Mesure de performance et R.O.I<\/h2>\n<ul>\n<li>Mesures multicanaux<\/li>\n<li>Tableaux de bord<\/li>\n<li>Attribution<\/li>\n<\/ul>\n<\/li>\n<\/ol>\n","protected":false},"excerpt":{"rendered":"<p>Objectif: Comprendre les possibilit\u00e9s offertes par la publicit\u00e9 num\u00e9rique pour mieux planifier un budget marketing. Public cible: Cette formation s\u2019adresse &hellip; <br \/><a href=\"https:\/\/dev.ursa.marketing\/fr\/tactique\/formation\/formation-publicite-numerique\/\">Lire la suite<\/a><\/p>\n","protected":false},"author":1,"featured_media":0,"parent":13,"menu_order":0,"comment_status":"closed","ping_status":"closed","template":"template-service-first.php","meta":[],"yoast_head":"<!-- This site is optimized with the Yoast SEO plugin v17.9 - https:\/\/yoast.com\/wordpress\/plugins\/seo\/ -->\n<title>Formation publicit\u00e9 num\u00e9rique - Planification de campagnes - Ursa Marketing<\/title>\n<meta name=\"description\" content=\"Ursa Marketing offre de la formation sur la publicit\u00e9 num\u00e9rique et la planification de campagnes marketing. Durant cette formation vous ferez le survol de quelques plateformes num\u00e9riques, vous planifierez une campagne marketing et vous en mesurerez la performance.\" \/>\n<meta name=\"robots\" content=\"noindex, follow, max-snippet:-1, max-image-preview:large, max-video-preview:-1\" \/>\n<meta property=\"og:locale\" content=\"fr_FR\" \/>\n<meta property=\"og:type\" content=\"article\" \/>\n<meta property=\"og:title\" content=\"Formation publicit\u00e9 num\u00e9rique - Planification de campagnes - Ursa Marketing\" \/>\n<meta property=\"og:description\" content=\"Ursa Marketing offre de la formation sur la publicit\u00e9 num\u00e9rique et la planification de campagnes marketing. Durant cette formation vous ferez le survol de quelques plateformes num\u00e9riques, vous planifierez une campagne marketing et vous en mesurerez la performance.\" \/>\n<meta property=\"og:url\" content=\"https:\/\/dev.ursa.marketing\/fr\/tactique\/formation\/formation-publicite-numerique\/\" \/>\n<meta property=\"og:site_name\" content=\"Ursa Marketing\" \/>\n<meta property=\"article:publisher\" content=\"https:\/\/www.facebook.com\/UrsaNumerique\/\" \/>\n<meta property=\"article:modified_time\" content=\"2019-04-26T15:25:18+00:00\" \/>\n<meta property=\"og:image\" content=\"https:\/\/dev.ursa.marketing\/wp-content\/uploads\/2018\/08\/URSA_fb_img.jpg\" \/>\n\t<meta property=\"og:image:width\" content=\"1200\" \/>\n\t<meta property=\"og:image:height\" content=\"627\" \/>\n\t<meta property=\"og:image:type\" content=\"image\/jpeg\" \/>\n<meta name=\"twitter:card\" content=\"summary\" \/>\n<meta name=\"twitter:label1\" content=\"Est. reading time\" \/>\n\t<meta name=\"twitter:data1\" content=\"1 minute\" \/>\n<script type=\"application\/ld+json\" class=\"yoast-schema-graph\">{\"@context\":\"https:\/\/schema.org\",\"@graph\":[{\"@type\":\"Organization\",\"@id\":\"https:\/\/dev.ursa.marketing\/fr\/#organization\",\"name\":\"Ursa Marketing\",\"url\":\"https:\/\/dev.ursa.marketing\/fr\/\",\"sameAs\":[\"https:\/\/www.facebook.com\/UrsaNumerique\/\",\"https:\/\/www.linkedin.com\/company\/ursa-marketing\/\"],\"logo\":{\"@type\":\"ImageObject\",\"@id\":\"https:\/\/dev.ursa.marketing\/fr\/#logo\",\"inLanguage\":\"fr-FR\",\"url\":\"https:\/\/dev.ursa.marketing\/wp-content\/uploads\/2018\/08\/URSA_fb_img.jpg\",\"contentUrl\":\"https:\/\/dev.ursa.marketing\/wp-content\/uploads\/2018\/08\/URSA_fb_img.jpg\",\"width\":1200,\"height\":627,\"caption\":\"Ursa Marketing\"},\"image\":{\"@id\":\"https:\/\/dev.ursa.marketing\/fr\/#logo\"}},{\"@type\":\"WebSite\",\"@id\":\"https:\/\/dev.ursa.marketing\/fr\/#website\",\"url\":\"https:\/\/dev.ursa.marketing\/fr\/\",\"name\":\"Ursa Marketing\",\"description\":\"Votre Guide vers la r\\u00e9ussite num\\u00e9rique\",\"publisher\":{\"@id\":\"https:\/\/dev.ursa.marketing\/fr\/#organization\"},\"potentialAction\":[{\"@type\":\"SearchAction\",\"target\":{\"@type\":\"EntryPoint\",\"urlTemplate\":\"https:\/\/dev.ursa.marketing\/fr\/?s={search_term_string}\"},\"query-input\":\"required name=search_term_string\"}],\"inLanguage\":\"fr-FR\"},{\"@type\":\"WebPage\",\"@id\":\"https:\/\/dev.ursa.marketing\/fr\/tactique\/formation\/formation-publicite-numerique\/#webpage\",\"url\":\"https:\/\/dev.ursa.marketing\/fr\/tactique\/formation\/formation-publicite-numerique\/\",\"name\":\"Formation publicit\\u00e9 num\\u00e9rique - Planification de campagnes - Ursa Marketing\",\"isPartOf\":{\"@id\":\"https:\/\/dev.ursa.marketing\/fr\/#website\"},\"datePublished\":\"2017-10-25T15:12:23+00:00\",\"dateModified\":\"2019-04-26T15:25:18+00:00\",\"description\":\"Ursa Marketing offre de la formation sur la publicit\\u00e9 num\\u00e9rique et la planification de campagnes marketing. Durant cette formation vous ferez le survol de quelques plateformes num\\u00e9riques, vous planifierez une campagne marketing et vous en mesurerez la performance.\",\"breadcrumb\":{\"@id\":\"https:\/\/dev.ursa.marketing\/fr\/tactique\/formation\/formation-publicite-numerique\/#breadcrumb\"},\"inLanguage\":\"fr-FR\",\"potentialAction\":[{\"@type\":\"ReadAction\",\"target\":[\"https:\/\/dev.ursa.marketing\/fr\/tactique\/formation\/formation-publicite-numerique\/\"]}]},{\"@type\":\"BreadcrumbList\",\"@id\":\"https:\/\/dev.ursa.marketing\/fr\/tactique\/formation\/formation-publicite-numerique\/#breadcrumb\",\"itemListElement\":[{\"@type\":\"ListItem\",\"position\":1,\"name\":\"Home\",\"item\":\"https:\/\/dev.ursa.marketing\/fr\/\"},{\"@type\":\"ListItem\",\"position\":2,\"name\":\"Tactiques marketing num\\u00e9rique\",\"item\":\"https:\/\/dev.ursa.marketing\/fr\/tactique\/\"},{\"@type\":\"ListItem\",\"position\":3,\"name\":\"Formation en entreprise\",\"item\":\"https:\/\/dev.ursa.marketing\/fr\/tactique\/formation\/\"},{\"@type\":\"ListItem\",\"position\":4,\"name\":\"Formation publicit\\u00e9 num\\u00e9rique &#8211; Planification de campagnes\"}]}]}<\/script>\n<!-- \/ Yoast SEO plugin. -->","yoast_head_json":{"title":"Formation publicit\u00e9 num\u00e9rique - Planification de campagnes - Ursa Marketing","description":"Ursa Marketing offre de la formation sur la publicit\u00e9 num\u00e9rique et la planification de campagnes marketing. Durant cette formation vous ferez le survol de quelques plateformes num\u00e9riques, vous planifierez une campagne marketing et vous en mesurerez la performance.","robots":{"index":"noindex","follow":"follow","max-snippet":"max-snippet:-1","max-image-preview":"max-image-preview:large","max-video-preview":"max-video-preview:-1"},"og_locale":"fr_FR","og_type":"article","og_title":"Formation publicit\u00e9 num\u00e9rique - Planification de campagnes - Ursa Marketing","og_description":"Ursa Marketing offre de la formation sur la publicit\u00e9 num\u00e9rique et la planification de campagnes marketing. Durant cette formation vous ferez le survol de quelques plateformes num\u00e9riques, vous planifierez une campagne marketing et vous en mesurerez la performance.","og_url":"https:\/\/dev.ursa.marketing\/fr\/tactique\/formation\/formation-publicite-numerique\/","og_site_name":"Ursa Marketing","article_publisher":"https:\/\/www.facebook.com\/UrsaNumerique\/","article_modified_time":"2019-04-26T15:25:18+00:00","og_image":[{"width":1200,"height":627,"url":"https:\/\/dev.ursa.marketing\/wp-content\/uploads\/2018\/08\/URSA_fb_img.jpg","type":"image\/jpeg"}],"twitter_card":"summary","twitter_misc":{"Est. reading time":"1 minute"},"schema":{"@context":"https:\/\/schema.org","@graph":[{"@type":"Organization","@id":"https:\/\/dev.ursa.marketing\/fr\/#organization","name":"Ursa Marketing","url":"https:\/\/dev.ursa.marketing\/fr\/","sameAs":["https:\/\/www.facebook.com\/UrsaNumerique\/","https:\/\/www.linkedin.com\/company\/ursa-marketing\/"],"logo":{"@type":"ImageObject","@id":"https:\/\/dev.ursa.marketing\/fr\/#logo","inLanguage":"fr-FR","url":"https:\/\/dev.ursa.marketing\/wp-content\/uploads\/2018\/08\/URSA_fb_img.jpg","contentUrl":"https:\/\/dev.ursa.marketing\/wp-content\/uploads\/2018\/08\/URSA_fb_img.jpg","width":1200,"height":627,"caption":"Ursa Marketing"},"image":{"@id":"https:\/\/dev.ursa.marketing\/fr\/#logo"}},{"@type":"WebSite","@id":"https:\/\/dev.ursa.marketing\/fr\/#website","url":"https:\/\/dev.ursa.marketing\/fr\/","name":"Ursa Marketing","description":"Votre Guide vers la r\u00e9ussite num\u00e9rique","publisher":{"@id":"https:\/\/dev.ursa.marketing\/fr\/#organization"},"potentialAction":[{"@type":"SearchAction","target":{"@type":"EntryPoint","urlTemplate":"https:\/\/dev.ursa.marketing\/fr\/?s={search_term_string}"},"query-input":"required name=search_term_string"}],"inLanguage":"fr-FR"},{"@type":"WebPage","@id":"https:\/\/dev.ursa.marketing\/fr\/tactique\/formation\/formation-publicite-numerique\/#webpage","url":"https:\/\/dev.ursa.marketing\/fr\/tactique\/formation\/formation-publicite-numerique\/","name":"Formation publicit\u00e9 num\u00e9rique - Planification de campagnes - Ursa Marketing","isPartOf":{"@id":"https:\/\/dev.ursa.marketing\/fr\/#website"},"datePublished":"2017-10-25T15:12:23+00:00","dateModified":"2019-04-26T15:25:18+00:00","description":"Ursa Marketing offre de la formation sur la publicit\u00e9 num\u00e9rique et la planification de campagnes marketing. Durant cette formation vous ferez le survol de quelques plateformes num\u00e9riques, vous planifierez une campagne marketing et vous en mesurerez la performance.","breadcrumb":{"@id":"https:\/\/dev.ursa.marketing\/fr\/tactique\/formation\/formation-publicite-numerique\/#breadcrumb"},"inLanguage":"fr-FR","potentialAction":[{"@type":"ReadAction","target":["https:\/\/dev.ursa.marketing\/fr\/tactique\/formation\/formation-publicite-numerique\/"]}]},{"@type":"BreadcrumbList","@id":"https:\/\/dev.ursa.marketing\/fr\/tactique\/formation\/formation-publicite-numerique\/#breadcrumb","itemListElement":[{"@type":"ListItem","position":1,"name":"Home","item":"https:\/\/dev.ursa.marketing\/fr\/"},{"@type":"ListItem","position":2,"name":"Tactiques marketing num\u00e9rique","item":"https:\/\/dev.ursa.marketing\/fr\/tactique\/"},{"@type":"ListItem","position":3,"name":"Formation en entreprise","item":"https:\/\/dev.ursa.marketing\/fr\/tactique\/formation\/"},{"@type":"ListItem","position":4,"name":"Formation publicit\u00e9 num\u00e9rique &#8211; Planification de campagnes"}]}]}},"_links":{"self":[{"href":"https:\/\/dev.ursa.marketing\/fr\/wp-json\/wp\/v2\/pages\/30"}],"collection":[{"href":"https:\/\/dev.ursa.marketing\/fr\/wp-json\/wp\/v2\/pages"}],"about":[{"href":"https:\/\/dev.ursa.marketing\/fr\/wp-json\/wp\/v2\/types\/page"}],"author":[{"embeddable":true,"href":"https:\/\/dev.ursa.marketing\/fr\/wp-json\/wp\/v2\/users\/1"}],"replies":[{"embeddable":true,"href":"https:\/\/dev.ursa.marketing\/fr\/wp-json\/wp\/v2\/comments?post=30"}],"version-history":[{"count":18,"href":"https:\/\/dev.ursa.marketing\/fr\/wp-json\/wp\/v2\/pages\/30\/revisions"}],"predecessor-version":[{"id":962,"href":"https:\/\/dev.ursa.marketing\/fr\/wp-json\/wp\/v2\/pages\/30\/revisions\/962"}],"up":[{"embeddable":true,"href":"https:\/\/dev.ursa.marketing\/fr\/wp-json\/wp\/v2\/pages\/13"}],"wp:attachment":[{"href":"https:\/\/dev.ursa.marketing\/fr\/wp-json\/wp\/v2\/media?parent=30"}],"curies":[{"name":"wp","href":"https:\/\/api.w.org\/{rel}","templated":true}]}}