{"id":36,"date":"2017-10-25T15:18:25","date_gmt":"2017-10-25T15:18:25","guid":{"rendered":"http:\/\/epic.domingue.ca\/?page_id=36"},"modified":"2018-02-12T00:24:14","modified_gmt":"2018-02-12T00:24:14","slug":"strategie-numerique","status":"publish","type":"page","link":"https:\/\/dev.ursa.marketing\/fr\/strategie-numerique\/","title":{"rendered":"Strat\u00e9gie marketing num\u00e9rique"},"content":{"rendered":"<p>Pour avoir du succ\u00e8s en ligne, une bonne strat\u00e9gie de marketing num\u00e9rique est essentielle. Il faut planifier la bonne <a href=\"https:\/\/dev.ursa.marketing\/fr\/tactique\/\">tactique marketing<\/a> pour communiquer votre message \u00e0 la bonne audience. Ensuite il est important de bien mesurer les r\u00e9sultats obtenus pour conna\u00eetre le retour sur votre investissement. Gr\u00e2ce \u00e0 nos strat\u00e9gies de marketing num\u00e9rique, vous pouvez augmenter les revenus de votre entreprise.<\/p>\n","protected":false},"excerpt":{"rendered":"<p>Pour avoir du succ\u00e8s en ligne, une bonne strat\u00e9gie de marketing num\u00e9rique est essentielle. Il faut planifier la bonne tactique &hellip; <br \/><a href=\"https:\/\/dev.ursa.marketing\/fr\/strategie-numerique\/\">Lire la suite<\/a><\/p>\n","protected":false},"author":1,"featured_media":0,"parent":0,"menu_order":0,"comment_status":"closed","ping_status":"closed","template":"template-main-category.php","meta":[],"yoast_head":"<!-- This site is optimized with the Yoast SEO plugin v17.9 - https:\/\/yoast.com\/wordpress\/plugins\/seo\/ -->\n<title>Strat\u00e9gie marketing num\u00e9rique - Ursa Marketing<\/title>\n<meta name=\"description\" content=\"Votre croissance passe par l&#039;augmentation de vos ventes et de vos conversions. Votre strat\u00e9gie marketing num\u00e9rique se planifie, s&#039;organise et s&#039;actualise afin d&#039;augmenter vos revenus et d&#039;assurer un retour sur vos investissements (ROI). Nous vous aidons \u00e0 mettre sur pied une strat\u00e9gie marketing num\u00e9rique \u00e0 votre image.\" \/>\n<meta name=\"robots\" content=\"noindex, follow, max-snippet:-1, max-image-preview:large, max-video-preview:-1\" \/>\n<meta property=\"og:locale\" content=\"fr_FR\" \/>\n<meta property=\"og:type\" content=\"article\" \/>\n<meta property=\"og:title\" content=\"Strat\u00e9gie marketing num\u00e9rique - Ursa Marketing\" \/>\n<meta property=\"og:description\" content=\"Votre croissance passe par l&#039;augmentation de vos ventes et de vos conversions. Votre strat\u00e9gie marketing num\u00e9rique se planifie, s&#039;organise et s&#039;actualise afin d&#039;augmenter vos revenus et d&#039;assurer un retour sur vos investissements (ROI). Nous vous aidons \u00e0 mettre sur pied une strat\u00e9gie marketing num\u00e9rique \u00e0 votre image.\" \/>\n<meta property=\"og:url\" content=\"https:\/\/dev.ursa.marketing\/fr\/strategie-numerique\/\" \/>\n<meta property=\"og:site_name\" content=\"Ursa Marketing\" \/>\n<meta property=\"article:publisher\" content=\"https:\/\/www.facebook.com\/UrsaNumerique\/\" \/>\n<meta property=\"article:modified_time\" content=\"2018-02-12T00:24:14+00:00\" \/>\n<meta property=\"og:image\" content=\"https:\/\/dev.ursa.marketing\/wp-content\/uploads\/2018\/08\/URSA_fb_img.jpg\" \/>\n\t<meta property=\"og:image:width\" content=\"1200\" \/>\n\t<meta property=\"og:image:height\" content=\"627\" \/>\n\t<meta property=\"og:image:type\" content=\"image\/jpeg\" \/>\n<meta name=\"twitter:card\" content=\"summary\" \/>\n<script type=\"application\/ld+json\" class=\"yoast-schema-graph\">{\"@context\":\"https:\/\/schema.org\",\"@graph\":[{\"@type\":\"Organization\",\"@id\":\"https:\/\/dev.ursa.marketing\/fr\/#organization\",\"name\":\"Ursa Marketing\",\"url\":\"https:\/\/dev.ursa.marketing\/fr\/\",\"sameAs\":[\"https:\/\/www.facebook.com\/UrsaNumerique\/\",\"https:\/\/www.linkedin.com\/company\/ursa-marketing\/\"],\"logo\":{\"@type\":\"ImageObject\",\"@id\":\"https:\/\/dev.ursa.marketing\/fr\/#logo\",\"inLanguage\":\"fr-FR\",\"url\":\"https:\/\/dev.ursa.marketing\/wp-content\/uploads\/2018\/08\/URSA_fb_img.jpg\",\"contentUrl\":\"https:\/\/dev.ursa.marketing\/wp-content\/uploads\/2018\/08\/URSA_fb_img.jpg\",\"width\":1200,\"height\":627,\"caption\":\"Ursa Marketing\"},\"image\":{\"@id\":\"https:\/\/dev.ursa.marketing\/fr\/#logo\"}},{\"@type\":\"WebSite\",\"@id\":\"https:\/\/dev.ursa.marketing\/fr\/#website\",\"url\":\"https:\/\/dev.ursa.marketing\/fr\/\",\"name\":\"Ursa Marketing\",\"description\":\"Votre Guide vers la r\\u00e9ussite num\\u00e9rique\",\"publisher\":{\"@id\":\"https:\/\/dev.ursa.marketing\/fr\/#organization\"},\"potentialAction\":[{\"@type\":\"SearchAction\",\"target\":{\"@type\":\"EntryPoint\",\"urlTemplate\":\"https:\/\/dev.ursa.marketing\/fr\/?s={search_term_string}\"},\"query-input\":\"required name=search_term_string\"}],\"inLanguage\":\"fr-FR\"},{\"@type\":\"WebPage\",\"@id\":\"https:\/\/dev.ursa.marketing\/fr\/strategie-numerique\/#webpage\",\"url\":\"https:\/\/dev.ursa.marketing\/fr\/strategie-numerique\/\",\"name\":\"Strat\\u00e9gie marketing num\\u00e9rique - Ursa Marketing\",\"isPartOf\":{\"@id\":\"https:\/\/dev.ursa.marketing\/fr\/#website\"},\"datePublished\":\"2017-10-25T15:18:25+00:00\",\"dateModified\":\"2018-02-12T00:24:14+00:00\",\"description\":\"Votre croissance passe par l'augmentation de vos ventes et de vos conversions. Votre strat\\u00e9gie marketing num\\u00e9rique se planifie, s'organise et s'actualise afin d'augmenter vos revenus et d'assurer un retour sur vos investissements (ROI). Nous vous aidons \\u00e0 mettre sur pied une strat\\u00e9gie marketing num\\u00e9rique \\u00e0 votre image.\",\"breadcrumb\":{\"@id\":\"https:\/\/dev.ursa.marketing\/fr\/strategie-numerique\/#breadcrumb\"},\"inLanguage\":\"fr-FR\",\"potentialAction\":[{\"@type\":\"ReadAction\",\"target\":[\"https:\/\/dev.ursa.marketing\/fr\/strategie-numerique\/\"]}]},{\"@type\":\"BreadcrumbList\",\"@id\":\"https:\/\/dev.ursa.marketing\/fr\/strategie-numerique\/#breadcrumb\",\"itemListElement\":[{\"@type\":\"ListItem\",\"position\":1,\"name\":\"Home\",\"item\":\"https:\/\/dev.ursa.marketing\/fr\/\"},{\"@type\":\"ListItem\",\"position\":2,\"name\":\"Strat\\u00e9gie marketing num\\u00e9rique\"}]}]}<\/script>\n<!-- \/ Yoast SEO plugin. -->","yoast_head_json":{"title":"Strat\u00e9gie marketing num\u00e9rique - Ursa Marketing","description":"Votre croissance passe par l'augmentation de vos ventes et de vos conversions. Votre strat\u00e9gie marketing num\u00e9rique se planifie, s'organise et s'actualise afin d'augmenter vos revenus et d'assurer un retour sur vos investissements (ROI). Nous vous aidons \u00e0 mettre sur pied une strat\u00e9gie marketing num\u00e9rique \u00e0 votre image.","robots":{"index":"noindex","follow":"follow","max-snippet":"max-snippet:-1","max-image-preview":"max-image-preview:large","max-video-preview":"max-video-preview:-1"},"og_locale":"fr_FR","og_type":"article","og_title":"Strat\u00e9gie marketing num\u00e9rique - Ursa Marketing","og_description":"Votre croissance passe par l'augmentation de vos ventes et de vos conversions. Votre strat\u00e9gie marketing num\u00e9rique se planifie, s'organise et s'actualise afin d'augmenter vos revenus et d'assurer un retour sur vos investissements (ROI). Nous vous aidons \u00e0 mettre sur pied une strat\u00e9gie marketing num\u00e9rique \u00e0 votre image.","og_url":"https:\/\/dev.ursa.marketing\/fr\/strategie-numerique\/","og_site_name":"Ursa Marketing","article_publisher":"https:\/\/www.facebook.com\/UrsaNumerique\/","article_modified_time":"2018-02-12T00:24:14+00:00","og_image":[{"width":1200,"height":627,"url":"https:\/\/dev.ursa.marketing\/wp-content\/uploads\/2018\/08\/URSA_fb_img.jpg","type":"image\/jpeg"}],"twitter_card":"summary","schema":{"@context":"https:\/\/schema.org","@graph":[{"@type":"Organization","@id":"https:\/\/dev.ursa.marketing\/fr\/#organization","name":"Ursa Marketing","url":"https:\/\/dev.ursa.marketing\/fr\/","sameAs":["https:\/\/www.facebook.com\/UrsaNumerique\/","https:\/\/www.linkedin.com\/company\/ursa-marketing\/"],"logo":{"@type":"ImageObject","@id":"https:\/\/dev.ursa.marketing\/fr\/#logo","inLanguage":"fr-FR","url":"https:\/\/dev.ursa.marketing\/wp-content\/uploads\/2018\/08\/URSA_fb_img.jpg","contentUrl":"https:\/\/dev.ursa.marketing\/wp-content\/uploads\/2018\/08\/URSA_fb_img.jpg","width":1200,"height":627,"caption":"Ursa Marketing"},"image":{"@id":"https:\/\/dev.ursa.marketing\/fr\/#logo"}},{"@type":"WebSite","@id":"https:\/\/dev.ursa.marketing\/fr\/#website","url":"https:\/\/dev.ursa.marketing\/fr\/","name":"Ursa Marketing","description":"Votre Guide vers la r\u00e9ussite num\u00e9rique","publisher":{"@id":"https:\/\/dev.ursa.marketing\/fr\/#organization"},"potentialAction":[{"@type":"SearchAction","target":{"@type":"EntryPoint","urlTemplate":"https:\/\/dev.ursa.marketing\/fr\/?s={search_term_string}"},"query-input":"required name=search_term_string"}],"inLanguage":"fr-FR"},{"@type":"WebPage","@id":"https:\/\/dev.ursa.marketing\/fr\/strategie-numerique\/#webpage","url":"https:\/\/dev.ursa.marketing\/fr\/strategie-numerique\/","name":"Strat\u00e9gie marketing num\u00e9rique - Ursa Marketing","isPartOf":{"@id":"https:\/\/dev.ursa.marketing\/fr\/#website"},"datePublished":"2017-10-25T15:18:25+00:00","dateModified":"2018-02-12T00:24:14+00:00","description":"Votre croissance passe par l'augmentation de vos ventes et de vos conversions. Votre strat\u00e9gie marketing num\u00e9rique se planifie, s'organise et s'actualise afin d'augmenter vos revenus et d'assurer un retour sur vos investissements (ROI). Nous vous aidons \u00e0 mettre sur pied une strat\u00e9gie marketing num\u00e9rique \u00e0 votre image.","breadcrumb":{"@id":"https:\/\/dev.ursa.marketing\/fr\/strategie-numerique\/#breadcrumb"},"inLanguage":"fr-FR","potentialAction":[{"@type":"ReadAction","target":["https:\/\/dev.ursa.marketing\/fr\/strategie-numerique\/"]}]},{"@type":"BreadcrumbList","@id":"https:\/\/dev.ursa.marketing\/fr\/strategie-numerique\/#breadcrumb","itemListElement":[{"@type":"ListItem","position":1,"name":"Home","item":"https:\/\/dev.ursa.marketing\/fr\/"},{"@type":"ListItem","position":2,"name":"Strat\u00e9gie marketing num\u00e9rique"}]}]}},"_links":{"self":[{"href":"https:\/\/dev.ursa.marketing\/fr\/wp-json\/wp\/v2\/pages\/36"}],"collection":[{"href":"https:\/\/dev.ursa.marketing\/fr\/wp-json\/wp\/v2\/pages"}],"about":[{"href":"https:\/\/dev.ursa.marketing\/fr\/wp-json\/wp\/v2\/types\/page"}],"author":[{"embeddable":true,"href":"https:\/\/dev.ursa.marketing\/fr\/wp-json\/wp\/v2\/users\/1"}],"replies":[{"embeddable":true,"href":"https:\/\/dev.ursa.marketing\/fr\/wp-json\/wp\/v2\/comments?post=36"}],"version-history":[{"count":25,"href":"https:\/\/dev.ursa.marketing\/fr\/wp-json\/wp\/v2\/pages\/36\/revisions"}],"predecessor-version":[{"id":594,"href":"https:\/\/dev.ursa.marketing\/fr\/wp-json\/wp\/v2\/pages\/36\/revisions\/594"}],"wp:attachment":[{"href":"https:\/\/dev.ursa.marketing\/fr\/wp-json\/wp\/v2\/media?parent=36"}],"curies":[{"name":"wp","href":"https:\/\/api.w.org\/{rel}","templated":true}]}}