{"id":888,"date":"2018-08-03T15:31:04","date_gmt":"2018-08-03T15:31:04","guid":{"rendered":"https:\/\/ursa.marketing\/?page_id=888"},"modified":"2021-06-18T20:53:13","modified_gmt":"2021-06-18T20:53:13","slug":"stratege-marketing-numerique","status":"publish","type":"page","link":"https:\/\/dev.ursa.marketing\/fr\/carriere-marketing-numerique\/stratege-marketing-numerique\/","title":{"rendered":"Strat\u00e8ge marketing num\u00e9rique"},"content":{"rendered":"<h2>Description du poste<\/h2>\n<p><strong>Poste temps plein en t\u00e9l\u00e9travail et \u00e0 Saint-Jean-sur-Richelieu.<\/strong><\/p>\n<p>Tu carbures aux d\u00e9fis et tu as le marketing num\u00e9rique dans le sang? Chez Ursa Marketing, on recherche quelqu\u2019un comme toi!<\/p>\n<p>Ursa Marketing, c\u2019est une agence num\u00e9rique en pleine expansion : clients d\u2019envergure, mandats stimulants et solide performance. En plus, bye bye le trafic de Montr\u00e9al! Que demander de plus? Un salaire int\u00e9ressant et un horaire flexible?<br \/>\nOK, on te les donne!<\/p>\n<p>En tant que strat\u00e8ge marketing num\u00e9rique, ton r\u00f4le sera de concevoir, d\u2019implanter et de mesurer des strat\u00e9gies de marketing num\u00e9rique profitables pour tes clients. Bref, tu seras l\u00e0 pour les conseiller et g\u00e9n\u00e9rer des r\u00e9sultats quantifiables \u00e0 l\u2019aide d\u2019indicateurs de performance \u00e9tablis.<\/p>\n<p><strong>Tes principales responsabilit\u00e9s seront les suivantes :<\/strong><\/p>\n<ul>\n<li>D\u00e9ployer des campagnes num\u00e9riques selon les besoins de tes clients, et ce, sur plusieurs plateformes<\/li>\n<li>Mettre en place la mesure de performance des campagnes num\u00e9riques<\/li>\n<li>Analyser et optimiser des campagnes num\u00e9riques pour faire briller tes clients<\/li>\n<li>Assurer un suivi rigoureux aupr\u00e8s de chacun de tes clients et les conseiller avec justesse \u2013 c\u2019est notre marque de commerce!<\/li>\n<\/ul>\n<p><strong>On s\u2019attend aussi \u00e0 ce que tu r\u00e9pondes \u00e0 ces exigences :<\/strong><\/p>\n<ul>\n<li>Minimum de 3 ans d\u2019exp\u00e9rience dans un poste similaire<\/li>\n<li>Baccalaur\u00e9at en marketing, communication ou domaine connexe<\/li>\n<li>Certification Google Ads (un atout)<\/li>\n<li>Certification Google Analytics (un atout)<\/li>\n<li>Certification Facebook Blueprint (un atout)<\/li>\n<li>Bonne connaissance du SEO<\/li>\n<li>Compr\u00e9hension des diff\u00e9rents indicateurs de performance et du retour sur investissement<\/li>\n<li>Ma\u00eetrise du fran\u00e7ais, tant \u00e0 l\u2019oral qu\u2019\u00e0 l\u2019\u00e9crit \u2013 bilinguisme essentiel<\/li>\n<\/ul>\n<p>Et c\u2019est important d&rsquo;\u00eatre en mesure de d\u00e9chiffrer ces acronymes : CRM, CMS, CTR, CPM et CPC.<\/p>\n<p><strong>On cherche aussi une personne sympathique qui partage nos valeurs :<\/strong><\/p>\n<ul>\n<li>Esprit d\u2019\u00e9quipe<\/li>\n<li>Facilit\u00e9 de communication et courtoisie<\/li>\n<li>\u00c9thique et transparence<\/li>\n<li>Minutie et rigueur \u2013 on aime le travail bien fait!<\/li>\n<\/ul>\n<p><strong>Aper\u00e7u des conditions de travail<\/strong><\/p>\n<ul>\n<li>\u00c9quipe humaine et ambiance familiale<\/li>\n<li>Ton propre poste de travail ergonomique avec bureau ajustable<\/li>\n<li>Espresso et popcorn \u00e0 volont\u00e9<\/li>\n<li>T\u00e9l\u00e9travail possible<\/li>\n<li>Horaire flexible de 35h \/ semaine (pour de vrai!)<\/li>\n<li>Salaire comp\u00e9titif<\/li>\n<\/ul>\n<p>Alors, si tu penses avoir ce qu\u2019il faut pour devenir strat\u00e8ge marketing num\u00e9rique chez nous, envoie tout de suite ton CV! On a h\u00e2te de te lire!<\/p>\n<p>&nbsp;<\/p>\n<h2>Candidature en ligne<\/h2>\n<div role=\"form\" class=\"wpcf7\" id=\"wpcf7-f884-o1\" lang=\"fr-FR\" dir=\"ltr\">\n<div class=\"screen-reader-response\"><p role=\"status\" aria-live=\"polite\" aria-atomic=\"true\"><\/p> <ul><\/ul><\/div>\n<form action=\"\/fr\/wp-json\/wp\/v2\/pages\/888#wpcf7-f884-o1\" method=\"post\" class=\"wpcf7-form init\" enctype=\"multipart\/form-data\" novalidate=\"novalidate\" data-status=\"init\">\n<div style=\"display: none;\">\n<input type=\"hidden\" name=\"_wpcf7\" value=\"884\" \/>\n<input type=\"hidden\" name=\"_wpcf7_version\" value=\"5.5.3\" \/>\n<input type=\"hidden\" name=\"_wpcf7_locale\" value=\"fr_FR\" \/>\n<input type=\"hidden\" name=\"_wpcf7_unit_tag\" value=\"wpcf7-f884-o1\" \/>\n<input type=\"hidden\" name=\"_wpcf7_container_post\" value=\"0\" \/>\n<input type=\"hidden\" name=\"_wpcf7_posted_data_hash\" value=\"\" \/>\n<\/div>\n<p><label> Votre nom<br \/>\n    <span class=\"wpcf7-form-control-wrap your-name\"><input type=\"text\" name=\"your-name\" value=\"\" size=\"40\" class=\"wpcf7-form-control wpcf7-text wpcf7-validates-as-required\" aria-required=\"true\" aria-invalid=\"false\" \/><\/span> <\/label><\/p>\n<p><label> Votre adresse courriel<br \/>\n    <span class=\"wpcf7-form-control-wrap your-email\"><input type=\"email\" name=\"your-email\" value=\"\" size=\"40\" class=\"wpcf7-form-control wpcf7-text wpcf7-email wpcf7-validates-as-required wpcf7-validates-as-email\" aria-required=\"true\" aria-invalid=\"false\" \/><\/span> <\/label><\/p>\n<p><label> Votre t\u00e9l\u00e9phone<br \/>\n    <span class=\"wpcf7-form-control-wrap phone\"><input type=\"tel\" name=\"phone\" value=\"\" size=\"40\" class=\"wpcf7-form-control wpcf7-text wpcf7-tel wpcf7-validates-as-required wpcf7-validates-as-tel\" aria-required=\"true\" aria-invalid=\"false\" \/><\/span> <\/label><\/p>\n<p><label> Votre message<br \/>\n    <span class=\"wpcf7-form-control-wrap your-message\"><textarea name=\"your-message\" cols=\"40\" rows=\"10\" class=\"wpcf7-form-control wpcf7-textarea wpcf7-validates-as-required\" aria-required=\"true\" aria-invalid=\"false\"><\/textarea><\/span> <\/label><\/p>\n<p><label> Votre CV<br \/>\n    <span class=\"wpcf7-form-control-wrap cv\"><input type=\"file\" name=\"cv\" size=\"40\" class=\"wpcf7-form-control wpcf7-file wpcf7-validates-as-required\" accept=\".pdf,.txt,.doc\" aria-required=\"true\" aria-invalid=\"false\" \/><\/span><\/p>\n<p><input type=\"submit\" value=\"Envoyer\" class=\"wpcf7-form-control has-spinner wpcf7-submit\" \/><\/p>\n<div class=\"wpcf7-response-output\" aria-hidden=\"true\"><\/div><\/form><\/div>\n","protected":false},"excerpt":{"rendered":"<p>Description du poste Poste temps plein en t\u00e9l\u00e9travail et \u00e0 Saint-Jean-sur-Richelieu. Tu carbures aux d\u00e9fis et tu as le marketing &hellip; <br \/><a href=\"https:\/\/dev.ursa.marketing\/fr\/carriere-marketing-numerique\/stratege-marketing-numerique\/\">Lire la suite<\/a><\/p>\n","protected":false},"author":1,"featured_media":0,"parent":877,"menu_order":0,"comment_status":"closed","ping_status":"closed","template":"template-contact.php","meta":[],"yoast_head":"<!-- This site is optimized with the Yoast SEO plugin v17.9 - https:\/\/yoast.com\/wordpress\/plugins\/seo\/ -->\n<title>Strat\u00e8ge marketing num\u00e9rique - Ursa Marketing<\/title>\n<meta name=\"description\" content=\"Ursa Marketing recherche un(e) strat\u00e8ge marketing num\u00e9rique sympathique et passionn\u00e9(e) pour joindre son \u00e9quipe du tonnerre! As-tu ce qu\u2019il faut pour devenir strat\u00e8ge marketing num\u00e9rique chez nous?\" \/>\n<meta name=\"robots\" content=\"noindex, follow, max-snippet:-1, max-image-preview:large, max-video-preview:-1\" \/>\n<meta property=\"og:locale\" content=\"fr_FR\" \/>\n<meta property=\"og:type\" content=\"article\" \/>\n<meta property=\"og:title\" content=\"Strat\u00e8ge marketing num\u00e9rique - Ursa Marketing\" \/>\n<meta property=\"og:description\" content=\"Ursa Marketing recherche un(e) strat\u00e8ge marketing num\u00e9rique sympathique et passionn\u00e9(e) pour joindre son \u00e9quipe du tonnerre! As-tu ce qu\u2019il faut pour devenir strat\u00e8ge marketing num\u00e9rique chez nous?\" \/>\n<meta property=\"og:url\" content=\"https:\/\/dev.ursa.marketing\/fr\/carriere-marketing-numerique\/stratege-marketing-numerique\/\" \/>\n<meta property=\"og:site_name\" content=\"Ursa Marketing\" \/>\n<meta property=\"article:publisher\" content=\"https:\/\/www.facebook.com\/UrsaNumerique\/\" \/>\n<meta property=\"article:modified_time\" content=\"2021-06-18T20:53:13+00:00\" \/>\n<meta property=\"og:image\" content=\"https:\/\/dev.ursa.marketing\/wp-content\/uploads\/2019\/04\/ursa-271-2-683x1024.jpg\" \/>\n\t<meta property=\"og:image:width\" content=\"683\" \/>\n\t<meta property=\"og:image:height\" content=\"1024\" \/>\n\t<meta property=\"og:image:type\" content=\"image\/jpeg\" \/>\n<meta name=\"twitter:card\" content=\"summary\" \/>\n<meta name=\"twitter:label1\" content=\"Est. reading time\" \/>\n\t<meta name=\"twitter:data1\" content=\"2 minutes\" \/>\n<script type=\"application\/ld+json\" class=\"yoast-schema-graph\">{\"@context\":\"https:\/\/schema.org\",\"@graph\":[{\"@type\":\"Organization\",\"@id\":\"https:\/\/dev.ursa.marketing\/fr\/#organization\",\"name\":\"Ursa Marketing\",\"url\":\"https:\/\/dev.ursa.marketing\/fr\/\",\"sameAs\":[\"https:\/\/www.facebook.com\/UrsaNumerique\/\",\"https:\/\/www.linkedin.com\/company\/ursa-marketing\/\"],\"logo\":{\"@type\":\"ImageObject\",\"@id\":\"https:\/\/dev.ursa.marketing\/fr\/#logo\",\"inLanguage\":\"fr-FR\",\"url\":\"https:\/\/dev.ursa.marketing\/wp-content\/uploads\/2018\/08\/URSA_fb_img.jpg\",\"contentUrl\":\"https:\/\/dev.ursa.marketing\/wp-content\/uploads\/2018\/08\/URSA_fb_img.jpg\",\"width\":1200,\"height\":627,\"caption\":\"Ursa Marketing\"},\"image\":{\"@id\":\"https:\/\/dev.ursa.marketing\/fr\/#logo\"}},{\"@type\":\"WebSite\",\"@id\":\"https:\/\/dev.ursa.marketing\/fr\/#website\",\"url\":\"https:\/\/dev.ursa.marketing\/fr\/\",\"name\":\"Ursa Marketing\",\"description\":\"Votre Guide vers la r\\u00e9ussite num\\u00e9rique\",\"publisher\":{\"@id\":\"https:\/\/dev.ursa.marketing\/fr\/#organization\"},\"potentialAction\":[{\"@type\":\"SearchAction\",\"target\":{\"@type\":\"EntryPoint\",\"urlTemplate\":\"https:\/\/dev.ursa.marketing\/fr\/?s={search_term_string}\"},\"query-input\":\"required name=search_term_string\"}],\"inLanguage\":\"fr-FR\"},{\"@type\":\"ImageObject\",\"@id\":\"https:\/\/dev.ursa.marketing\/fr\/carriere-marketing-numerique\/stratege-marketing-numerique\/#primaryimage\",\"inLanguage\":\"fr-FR\",\"url\":\"https:\/\/dev.ursa.marketing\/wp-content\/uploads\/2019\/04\/ursa-271-2.jpg\",\"contentUrl\":\"https:\/\/dev.ursa.marketing\/wp-content\/uploads\/2019\/04\/ursa-271-2.jpg\",\"width\":3589,\"height\":5383},{\"@type\":\"WebPage\",\"@id\":\"https:\/\/dev.ursa.marketing\/fr\/carriere-marketing-numerique\/stratege-marketing-numerique\/#webpage\",\"url\":\"https:\/\/dev.ursa.marketing\/fr\/carriere-marketing-numerique\/stratege-marketing-numerique\/\",\"name\":\"Strat\\u00e8ge marketing num\\u00e9rique - Ursa Marketing\",\"isPartOf\":{\"@id\":\"https:\/\/dev.ursa.marketing\/fr\/#website\"},\"datePublished\":\"2018-08-03T15:31:04+00:00\",\"dateModified\":\"2021-06-18T20:53:13+00:00\",\"description\":\"Ursa Marketing recherche un(e) strat\\u00e8ge marketing num\\u00e9rique sympathique et passionn\\u00e9(e) pour joindre son \\u00e9quipe du tonnerre! As-tu ce qu\\u2019il faut pour devenir strat\\u00e8ge marketing num\\u00e9rique chez nous?\",\"breadcrumb\":{\"@id\":\"https:\/\/dev.ursa.marketing\/fr\/carriere-marketing-numerique\/stratege-marketing-numerique\/#breadcrumb\"},\"inLanguage\":\"fr-FR\",\"potentialAction\":[{\"@type\":\"ReadAction\",\"target\":[\"https:\/\/dev.ursa.marketing\/fr\/carriere-marketing-numerique\/stratege-marketing-numerique\/\"]}]},{\"@type\":\"BreadcrumbList\",\"@id\":\"https:\/\/dev.ursa.marketing\/fr\/carriere-marketing-numerique\/stratege-marketing-numerique\/#breadcrumb\",\"itemListElement\":[{\"@type\":\"ListItem\",\"position\":1,\"name\":\"Home\",\"item\":\"https:\/\/dev.ursa.marketing\/fr\/\"},{\"@type\":\"ListItem\",\"position\":2,\"name\":\"Carri\\u00e8re en marketing num\\u00e9rique\",\"item\":\"https:\/\/dev.ursa.marketing\/fr\/carriere-marketing-numerique\/\"},{\"@type\":\"ListItem\",\"position\":3,\"name\":\"Strat\\u00e8ge marketing num\\u00e9rique\"}]}]}<\/script>\n<!-- \/ Yoast SEO plugin. -->","yoast_head_json":{"title":"Strat\u00e8ge marketing num\u00e9rique - Ursa Marketing","description":"Ursa Marketing recherche un(e) strat\u00e8ge marketing num\u00e9rique sympathique et passionn\u00e9(e) pour joindre son \u00e9quipe du tonnerre! As-tu ce qu\u2019il faut pour devenir strat\u00e8ge marketing num\u00e9rique chez nous?","robots":{"index":"noindex","follow":"follow","max-snippet":"max-snippet:-1","max-image-preview":"max-image-preview:large","max-video-preview":"max-video-preview:-1"},"og_locale":"fr_FR","og_type":"article","og_title":"Strat\u00e8ge marketing num\u00e9rique - Ursa Marketing","og_description":"Ursa Marketing recherche un(e) strat\u00e8ge marketing num\u00e9rique sympathique et passionn\u00e9(e) pour joindre son \u00e9quipe du tonnerre! As-tu ce qu\u2019il faut pour devenir strat\u00e8ge marketing num\u00e9rique chez nous?","og_url":"https:\/\/dev.ursa.marketing\/fr\/carriere-marketing-numerique\/stratege-marketing-numerique\/","og_site_name":"Ursa Marketing","article_publisher":"https:\/\/www.facebook.com\/UrsaNumerique\/","article_modified_time":"2021-06-18T20:53:13+00:00","og_image":[{"width":683,"height":1024,"url":"https:\/\/dev.ursa.marketing\/wp-content\/uploads\/2019\/04\/ursa-271-2-683x1024.jpg","type":"image\/jpeg"}],"twitter_card":"summary","twitter_misc":{"Est. reading time":"2 minutes"},"schema":{"@context":"https:\/\/schema.org","@graph":[{"@type":"Organization","@id":"https:\/\/dev.ursa.marketing\/fr\/#organization","name":"Ursa Marketing","url":"https:\/\/dev.ursa.marketing\/fr\/","sameAs":["https:\/\/www.facebook.com\/UrsaNumerique\/","https:\/\/www.linkedin.com\/company\/ursa-marketing\/"],"logo":{"@type":"ImageObject","@id":"https:\/\/dev.ursa.marketing\/fr\/#logo","inLanguage":"fr-FR","url":"https:\/\/dev.ursa.marketing\/wp-content\/uploads\/2018\/08\/URSA_fb_img.jpg","contentUrl":"https:\/\/dev.ursa.marketing\/wp-content\/uploads\/2018\/08\/URSA_fb_img.jpg","width":1200,"height":627,"caption":"Ursa Marketing"},"image":{"@id":"https:\/\/dev.ursa.marketing\/fr\/#logo"}},{"@type":"WebSite","@id":"https:\/\/dev.ursa.marketing\/fr\/#website","url":"https:\/\/dev.ursa.marketing\/fr\/","name":"Ursa Marketing","description":"Votre Guide vers la r\u00e9ussite num\u00e9rique","publisher":{"@id":"https:\/\/dev.ursa.marketing\/fr\/#organization"},"potentialAction":[{"@type":"SearchAction","target":{"@type":"EntryPoint","urlTemplate":"https:\/\/dev.ursa.marketing\/fr\/?s={search_term_string}"},"query-input":"required name=search_term_string"}],"inLanguage":"fr-FR"},{"@type":"ImageObject","@id":"https:\/\/dev.ursa.marketing\/fr\/carriere-marketing-numerique\/stratege-marketing-numerique\/#primaryimage","inLanguage":"fr-FR","url":"https:\/\/dev.ursa.marketing\/wp-content\/uploads\/2019\/04\/ursa-271-2.jpg","contentUrl":"https:\/\/dev.ursa.marketing\/wp-content\/uploads\/2019\/04\/ursa-271-2.jpg","width":3589,"height":5383},{"@type":"WebPage","@id":"https:\/\/dev.ursa.marketing\/fr\/carriere-marketing-numerique\/stratege-marketing-numerique\/#webpage","url":"https:\/\/dev.ursa.marketing\/fr\/carriere-marketing-numerique\/stratege-marketing-numerique\/","name":"Strat\u00e8ge marketing num\u00e9rique - Ursa Marketing","isPartOf":{"@id":"https:\/\/dev.ursa.marketing\/fr\/#website"},"datePublished":"2018-08-03T15:31:04+00:00","dateModified":"2021-06-18T20:53:13+00:00","description":"Ursa Marketing recherche un(e) strat\u00e8ge marketing num\u00e9rique sympathique et passionn\u00e9(e) pour joindre son \u00e9quipe du tonnerre! As-tu ce qu\u2019il faut pour devenir strat\u00e8ge marketing num\u00e9rique chez nous?","breadcrumb":{"@id":"https:\/\/dev.ursa.marketing\/fr\/carriere-marketing-numerique\/stratege-marketing-numerique\/#breadcrumb"},"inLanguage":"fr-FR","potentialAction":[{"@type":"ReadAction","target":["https:\/\/dev.ursa.marketing\/fr\/carriere-marketing-numerique\/stratege-marketing-numerique\/"]}]},{"@type":"BreadcrumbList","@id":"https:\/\/dev.ursa.marketing\/fr\/carriere-marketing-numerique\/stratege-marketing-numerique\/#breadcrumb","itemListElement":[{"@type":"ListItem","position":1,"name":"Home","item":"https:\/\/dev.ursa.marketing\/fr\/"},{"@type":"ListItem","position":2,"name":"Carri\u00e8re en marketing num\u00e9rique","item":"https:\/\/dev.ursa.marketing\/fr\/carriere-marketing-numerique\/"},{"@type":"ListItem","position":3,"name":"Strat\u00e8ge marketing num\u00e9rique"}]}]}},"_links":{"self":[{"href":"https:\/\/dev.ursa.marketing\/fr\/wp-json\/wp\/v2\/pages\/888"}],"collection":[{"href":"https:\/\/dev.ursa.marketing\/fr\/wp-json\/wp\/v2\/pages"}],"about":[{"href":"https:\/\/dev.ursa.marketing\/fr\/wp-json\/wp\/v2\/types\/page"}],"author":[{"embeddable":true,"href":"https:\/\/dev.ursa.marketing\/fr\/wp-json\/wp\/v2\/users\/1"}],"replies":[{"embeddable":true,"href":"https:\/\/dev.ursa.marketing\/fr\/wp-json\/wp\/v2\/comments?post=888"}],"version-history":[{"count":4,"href":"https:\/\/dev.ursa.marketing\/fr\/wp-json\/wp\/v2\/pages\/888\/revisions"}],"predecessor-version":[{"id":1195,"href":"https:\/\/dev.ursa.marketing\/fr\/wp-json\/wp\/v2\/pages\/888\/revisions\/1195"}],"up":[{"embeddable":true,"href":"https:\/\/dev.ursa.marketing\/fr\/wp-json\/wp\/v2\/pages\/877"}],"wp:attachment":[{"href":"https:\/\/dev.ursa.marketing\/fr\/wp-json\/wp\/v2\/media?parent=888"}],"curies":[{"name":"wp","href":"https:\/\/api.w.org\/{rel}","templated":true}]}}