{"id":987,"date":"2019-07-19T15:40:36","date_gmt":"2019-07-19T15:40:36","guid":{"rendered":"http:\/\/dev.ursa.marketing\/?page_id=987"},"modified":"2021-12-20T20:42:19","modified_gmt":"2021-12-20T20:42:19","slug":"a-propos","status":"publish","type":"page","link":"https:\/\/dev.ursa.marketing\/fr\/a-propos\/","title":{"rendered":"\u00c0 propos d&rsquo;Ursa Marketing"},"content":{"rendered":"<hr \/>\n<h2>\u00catre le point de rep\u00e8re pour votre marketing num\u00e9rique<\/h2>\n<p>Ursa Marketing vous permet d&rsquo;acc\u00e9l\u00e9rer votre croissance d\u2019entreprise en augmentant vos ventes en ligne et en exploitant au maximum les technologies de l\u2019information. Nous travaillons avec vous \u00e0 \u00e9laborer la meilleure strat\u00e9gie de marketing num\u00e9rique. Nous sommes l\u2019extension de votre \u00e9quipe marketing et nous vous donnons acc\u00e8s aux meilleures pratiques et \u00e0 des experts de l\u2019industrie.<\/p>\n<p>Nos strat\u00e9gies de marketing num\u00e9rique \u00e9prouv\u00e9es vous permettront d\u2019atteindre rapidement vos objectifs de croissance.<\/p>\n<p>Notre objectif : \u00eatre le point de rep\u00e8re pour votre marketing num\u00e9rique.<\/p>\n","protected":false},"excerpt":{"rendered":"<p>\u00catre le point de rep\u00e8re pour votre marketing num\u00e9rique Ursa Marketing vous permet d&rsquo;acc\u00e9l\u00e9rer votre croissance d\u2019entreprise en augmentant vos &hellip; <br \/><a href=\"https:\/\/dev.ursa.marketing\/fr\/a-propos\/\">Lire la suite<\/a><\/p>\n","protected":false},"author":6,"featured_media":0,"parent":0,"menu_order":0,"comment_status":"closed","ping_status":"closed","template":"template-about.php","meta":[],"yoast_head":"<!-- This site is optimized with the Yoast SEO plugin v17.9 - https:\/\/yoast.com\/wordpress\/plugins\/seo\/ -->\n<title>\u00c0 propos d&#039;Ursa Marketing - Ursa Marketing<\/title>\n<meta name=\"description\" content=\"Le marketing num\u00e9rique est votre vitrine pour conqu\u00e9rir des nouveaux march\u00e9s. Explorons ensemble vos objectifs d&#039;affaires et mettons le cap sur la croissance. Ursa Marketing vous accompagne dans cet univers incontournable du marketing num\u00e9rique. Notre objectif : \u00eatre le point de rep\u00e8re pour votre marketing num\u00e9rique.\" \/>\n<meta name=\"robots\" content=\"noindex, follow, max-snippet:-1, max-image-preview:large, max-video-preview:-1\" \/>\n<meta property=\"og:locale\" content=\"fr_FR\" \/>\n<meta property=\"og:type\" content=\"article\" \/>\n<meta property=\"og:title\" content=\"\u00c0 propos d&#039;Ursa Marketing - Ursa Marketing\" \/>\n<meta property=\"og:description\" content=\"Le marketing num\u00e9rique est votre vitrine pour conqu\u00e9rir des nouveaux march\u00e9s. Explorons ensemble vos objectifs d&#039;affaires et mettons le cap sur la croissance. Ursa Marketing vous accompagne dans cet univers incontournable du marketing num\u00e9rique. Notre objectif : \u00eatre le point de rep\u00e8re pour votre marketing num\u00e9rique.\" \/>\n<meta property=\"og:url\" content=\"https:\/\/dev.ursa.marketing\/fr\/a-propos\/\" \/>\n<meta property=\"og:site_name\" content=\"Ursa Marketing\" \/>\n<meta property=\"article:publisher\" content=\"https:\/\/www.facebook.com\/UrsaNumerique\/\" \/>\n<meta property=\"article:modified_time\" content=\"2021-12-20T20:42:19+00:00\" \/>\n<meta property=\"og:image\" content=\"https:\/\/dev.ursa.marketing\/wp-content\/uploads\/2018\/08\/URSA_fb_img.jpg\" \/>\n\t<meta property=\"og:image:width\" content=\"1200\" \/>\n\t<meta property=\"og:image:height\" content=\"627\" \/>\n\t<meta property=\"og:image:type\" content=\"image\/jpeg\" \/>\n<meta name=\"twitter:card\" content=\"summary\" \/>\n<meta name=\"twitter:label1\" content=\"Est. reading time\" \/>\n\t<meta name=\"twitter:data1\" content=\"1 minute\" \/>\n<script type=\"application\/ld+json\" class=\"yoast-schema-graph\">{\"@context\":\"https:\/\/schema.org\",\"@graph\":[{\"@type\":\"Organization\",\"@id\":\"https:\/\/dev.ursa.marketing\/fr\/#organization\",\"name\":\"Ursa Marketing\",\"url\":\"https:\/\/dev.ursa.marketing\/fr\/\",\"sameAs\":[\"https:\/\/www.facebook.com\/UrsaNumerique\/\",\"https:\/\/www.linkedin.com\/company\/ursa-marketing\/\"],\"logo\":{\"@type\":\"ImageObject\",\"@id\":\"https:\/\/dev.ursa.marketing\/fr\/#logo\",\"inLanguage\":\"fr-FR\",\"url\":\"https:\/\/dev.ursa.marketing\/wp-content\/uploads\/2018\/08\/URSA_fb_img.jpg\",\"contentUrl\":\"https:\/\/dev.ursa.marketing\/wp-content\/uploads\/2018\/08\/URSA_fb_img.jpg\",\"width\":1200,\"height\":627,\"caption\":\"Ursa Marketing\"},\"image\":{\"@id\":\"https:\/\/dev.ursa.marketing\/fr\/#logo\"}},{\"@type\":\"WebSite\",\"@id\":\"https:\/\/dev.ursa.marketing\/fr\/#website\",\"url\":\"https:\/\/dev.ursa.marketing\/fr\/\",\"name\":\"Ursa Marketing\",\"description\":\"Votre Guide vers la r\\u00e9ussite num\\u00e9rique\",\"publisher\":{\"@id\":\"https:\/\/dev.ursa.marketing\/fr\/#organization\"},\"potentialAction\":[{\"@type\":\"SearchAction\",\"target\":{\"@type\":\"EntryPoint\",\"urlTemplate\":\"https:\/\/dev.ursa.marketing\/fr\/?s={search_term_string}\"},\"query-input\":\"required name=search_term_string\"}],\"inLanguage\":\"fr-FR\"},{\"@type\":\"WebPage\",\"@id\":\"https:\/\/dev.ursa.marketing\/fr\/a-propos\/#webpage\",\"url\":\"https:\/\/dev.ursa.marketing\/fr\/a-propos\/\",\"name\":\"\\u00c0 propos d'Ursa Marketing - Ursa Marketing\",\"isPartOf\":{\"@id\":\"https:\/\/dev.ursa.marketing\/fr\/#website\"},\"datePublished\":\"2019-07-19T15:40:36+00:00\",\"dateModified\":\"2021-12-20T20:42:19+00:00\",\"description\":\"Le marketing num\\u00e9rique est votre vitrine pour conqu\\u00e9rir des nouveaux march\\u00e9s. Explorons ensemble vos objectifs d'affaires et mettons le cap sur la croissance. Ursa Marketing vous accompagne dans cet univers incontournable du marketing num\\u00e9rique. Notre objectif : \\u00eatre le point de rep\\u00e8re pour votre marketing num\\u00e9rique.\",\"breadcrumb\":{\"@id\":\"https:\/\/dev.ursa.marketing\/fr\/a-propos\/#breadcrumb\"},\"inLanguage\":\"fr-FR\",\"potentialAction\":[{\"@type\":\"ReadAction\",\"target\":[\"https:\/\/dev.ursa.marketing\/fr\/a-propos\/\"]}]},{\"@type\":\"BreadcrumbList\",\"@id\":\"https:\/\/dev.ursa.marketing\/fr\/a-propos\/#breadcrumb\",\"itemListElement\":[{\"@type\":\"ListItem\",\"position\":1,\"name\":\"Home\",\"item\":\"https:\/\/dev.ursa.marketing\/fr\/\"},{\"@type\":\"ListItem\",\"position\":2,\"name\":\"\\u00c0 propos d&rsquo;Ursa Marketing\"}]}]}<\/script>\n<!-- \/ Yoast SEO plugin. -->","yoast_head_json":{"title":"\u00c0 propos d'Ursa Marketing - Ursa Marketing","description":"Le marketing num\u00e9rique est votre vitrine pour conqu\u00e9rir des nouveaux march\u00e9s. Explorons ensemble vos objectifs d'affaires et mettons le cap sur la croissance. Ursa Marketing vous accompagne dans cet univers incontournable du marketing num\u00e9rique. Notre objectif : \u00eatre le point de rep\u00e8re pour votre marketing num\u00e9rique.","robots":{"index":"noindex","follow":"follow","max-snippet":"max-snippet:-1","max-image-preview":"max-image-preview:large","max-video-preview":"max-video-preview:-1"},"og_locale":"fr_FR","og_type":"article","og_title":"\u00c0 propos d'Ursa Marketing - Ursa Marketing","og_description":"Le marketing num\u00e9rique est votre vitrine pour conqu\u00e9rir des nouveaux march\u00e9s. Explorons ensemble vos objectifs d'affaires et mettons le cap sur la croissance. Ursa Marketing vous accompagne dans cet univers incontournable du marketing num\u00e9rique. Notre objectif : \u00eatre le point de rep\u00e8re pour votre marketing num\u00e9rique.","og_url":"https:\/\/dev.ursa.marketing\/fr\/a-propos\/","og_site_name":"Ursa Marketing","article_publisher":"https:\/\/www.facebook.com\/UrsaNumerique\/","article_modified_time":"2021-12-20T20:42:19+00:00","og_image":[{"width":1200,"height":627,"url":"https:\/\/dev.ursa.marketing\/wp-content\/uploads\/2018\/08\/URSA_fb_img.jpg","type":"image\/jpeg"}],"twitter_card":"summary","twitter_misc":{"Est. reading time":"1 minute"},"schema":{"@context":"https:\/\/schema.org","@graph":[{"@type":"Organization","@id":"https:\/\/dev.ursa.marketing\/fr\/#organization","name":"Ursa Marketing","url":"https:\/\/dev.ursa.marketing\/fr\/","sameAs":["https:\/\/www.facebook.com\/UrsaNumerique\/","https:\/\/www.linkedin.com\/company\/ursa-marketing\/"],"logo":{"@type":"ImageObject","@id":"https:\/\/dev.ursa.marketing\/fr\/#logo","inLanguage":"fr-FR","url":"https:\/\/dev.ursa.marketing\/wp-content\/uploads\/2018\/08\/URSA_fb_img.jpg","contentUrl":"https:\/\/dev.ursa.marketing\/wp-content\/uploads\/2018\/08\/URSA_fb_img.jpg","width":1200,"height":627,"caption":"Ursa Marketing"},"image":{"@id":"https:\/\/dev.ursa.marketing\/fr\/#logo"}},{"@type":"WebSite","@id":"https:\/\/dev.ursa.marketing\/fr\/#website","url":"https:\/\/dev.ursa.marketing\/fr\/","name":"Ursa Marketing","description":"Votre Guide vers la r\u00e9ussite num\u00e9rique","publisher":{"@id":"https:\/\/dev.ursa.marketing\/fr\/#organization"},"potentialAction":[{"@type":"SearchAction","target":{"@type":"EntryPoint","urlTemplate":"https:\/\/dev.ursa.marketing\/fr\/?s={search_term_string}"},"query-input":"required name=search_term_string"}],"inLanguage":"fr-FR"},{"@type":"WebPage","@id":"https:\/\/dev.ursa.marketing\/fr\/a-propos\/#webpage","url":"https:\/\/dev.ursa.marketing\/fr\/a-propos\/","name":"\u00c0 propos d'Ursa Marketing - Ursa Marketing","isPartOf":{"@id":"https:\/\/dev.ursa.marketing\/fr\/#website"},"datePublished":"2019-07-19T15:40:36+00:00","dateModified":"2021-12-20T20:42:19+00:00","description":"Le marketing num\u00e9rique est votre vitrine pour conqu\u00e9rir des nouveaux march\u00e9s. Explorons ensemble vos objectifs d'affaires et mettons le cap sur la croissance. Ursa Marketing vous accompagne dans cet univers incontournable du marketing num\u00e9rique. Notre objectif : \u00eatre le point de rep\u00e8re pour votre marketing num\u00e9rique.","breadcrumb":{"@id":"https:\/\/dev.ursa.marketing\/fr\/a-propos\/#breadcrumb"},"inLanguage":"fr-FR","potentialAction":[{"@type":"ReadAction","target":["https:\/\/dev.ursa.marketing\/fr\/a-propos\/"]}]},{"@type":"BreadcrumbList","@id":"https:\/\/dev.ursa.marketing\/fr\/a-propos\/#breadcrumb","itemListElement":[{"@type":"ListItem","position":1,"name":"Home","item":"https:\/\/dev.ursa.marketing\/fr\/"},{"@type":"ListItem","position":2,"name":"\u00c0 propos d&rsquo;Ursa Marketing"}]}]}},"_links":{"self":[{"href":"https:\/\/dev.ursa.marketing\/fr\/wp-json\/wp\/v2\/pages\/987"}],"collection":[{"href":"https:\/\/dev.ursa.marketing\/fr\/wp-json\/wp\/v2\/pages"}],"about":[{"href":"https:\/\/dev.ursa.marketing\/fr\/wp-json\/wp\/v2\/types\/page"}],"author":[{"embeddable":true,"href":"https:\/\/dev.ursa.marketing\/fr\/wp-json\/wp\/v2\/users\/6"}],"replies":[{"embeddable":true,"href":"https:\/\/dev.ursa.marketing\/fr\/wp-json\/wp\/v2\/comments?post=987"}],"version-history":[{"count":28,"href":"https:\/\/dev.ursa.marketing\/fr\/wp-json\/wp\/v2\/pages\/987\/revisions"}],"predecessor-version":[{"id":1231,"href":"https:\/\/dev.ursa.marketing\/fr\/wp-json\/wp\/v2\/pages\/987\/revisions\/1231"}],"wp:attachment":[{"href":"https:\/\/dev.ursa.marketing\/fr\/wp-json\/wp\/v2\/media?parent=987"}],"curies":[{"name":"wp","href":"https:\/\/api.w.org\/{rel}","templated":true}]}}